{"id":23,"date":"2024-04-07T08:50:21","date_gmt":"2024-04-07T11:50:21","guid":{"rendered":"https:\/\/elmocamoes.com.br\/?page_id=23"},"modified":"2025-01-09T13:12:44","modified_gmt":"2025-01-09T16:12:44","slug":"home","status":"publish","type":"page","link":"https:\/\/goldplanengenharia.com.br\/","title":{"rendered":"Home"},"content":{"rendered":"\t\t<div data-elementor-type=\"wp-page\" data-elementor-id=\"23\" class=\"elementor elementor-23\" data-elementor-post-type=\"page\">\n\t\t\t\t<div class=\"elementor-element elementor-element-2025f99 e-flex e-con-boxed e-con e-parent\" data-id=\"2025f99\" data-element_type=\"container\">\n\t\t\t\t\t<div class=\"e-con-inner\">\n\t\t<div class=\"elementor-element elementor-element-58c97ea e-con-full e-flex e-con e-child\" data-id=\"58c97ea\" data-element_type=\"container\">\n\t\t\t\t<div class=\"elementor-element elementor-element-2c14601 elementor-widget elementor-widget-heading\" data-id=\"2c14601\" data-element_type=\"widget\" data-widget_type=\"heading.default\">\n\t\t\t\t<div class=\"elementor-widget-container\">\n\t\t\t\t\t<h1 class=\"elementor-heading-title elementor-size-default\">QUEM SOMOS<\/h1>\t\t\t\t<\/div>\n\t\t\t\t<\/div>\n\t\t\t\t<div class=\"elementor-element elementor-element-5437e16 elementor-widget elementor-widget-heading\" data-id=\"5437e16\" data-element_type=\"widget\" data-widget_type=\"heading.default\">\n\t\t\t\t<div class=\"elementor-widget-container\">\n\t\t\t\t\t<p class=\"elementor-heading-title elementor-size-default\">DIVERSAS  PLANTAS PARA VOC\u00ca ESCOLHER E CONSTRUIR<\/p>\t\t\t\t<\/div>\n\t\t\t\t<\/div>\n\t\t\t\t<\/div>\n\t\t<div class=\"elementor-element elementor-element-892dadb e-con-full e-flex e-con e-child\" data-id=\"892dadb\" data-element_type=\"container\">\n\t\t\t\t<div class=\"elementor-element elementor-element-3a71b91 elementor-widget elementor-widget-image\" data-id=\"3a71b91\" data-element_type=\"widget\" data-widget_type=\"image.default\">\n\t\t\t\t<div class=\"elementor-widget-container\">\n\t\t\t\t\t\t\t\t\t\t\t\t\t\t\t<img fetchpriority=\"high\" decoding=\"async\" width=\"768\" height=\"576\" src=\"https:\/\/goldplanengenharia.com.br\/wp-content\/uploads\/2025\/01\/PAINEL1-768x576-1.png\" class=\"attachment-medium_large size-medium_large wp-image-1009\" alt=\"\" srcset=\"https:\/\/goldplanengenharia.com.br\/wp-content\/uploads\/2025\/01\/PAINEL1-768x576-1.png 768w, https:\/\/goldplanengenharia.com.br\/wp-content\/uploads\/2025\/01\/PAINEL1-768x576-1-300x225.png 300w\" sizes=\"(max-width: 768px) 100vw, 768px\" \/>\t\t\t\t\t\t\t\t\t\t\t\t\t\t\t<\/div>\n\t\t\t\t<\/div>\n\t\t\t\t<\/div>\n\t\t<div class=\"elementor-element elementor-element-80b97a5 e-con-full e-flex e-con e-child\" data-id=\"80b97a5\" data-element_type=\"container\">\n\t\t\t\t<div class=\"elementor-element elementor-element-0f656f3 elementor-widget elementor-widget-heading\" data-id=\"0f656f3\" data-element_type=\"widget\" data-widget_type=\"heading.default\">\n\t\t\t\t<div class=\"elementor-widget-container\">\n\t\t\t\t\t<h3 class=\"elementor-heading-title elementor-size-default\">QUEM SOMOS<\/h3>\t\t\t\t<\/div>\n\t\t\t\t<\/div>\n\t\t\t\t<div class=\"elementor-element elementor-element-8314824 elementor-widget elementor-widget-text-editor\" data-id=\"8314824\" data-element_type=\"widget\" data-widget_type=\"text-editor.default\">\n\t\t\t\t<div class=\"elementor-widget-container\">\n\t\t\t\t\t\t\t\t\t<p>Descubra a revolu\u00e7\u00e3o da constru\u00e7\u00e3o com Gold Plan &#8211; Engenharia e Premoldados! Comprometemo-nos em criar uma linha inovadora de produtos pr\u00e9-fabricados de concreto, com qualidade superior e custo acess\u00edvel. Atendemos Bras\u00edlia e regi\u00f5es pr\u00f3ximas, oferecendo solu\u00e7\u00f5es que seguem os mais altos padr\u00f5es da ABNT. Junte-se a n\u00f3s e transforme seu projeto em realidade, com efici\u00eancia e excel\u00eancia.<\/p><p>Atuamos em Bras\u00edlia &#8211; DF e Entorno (hoje, desenvolvemos nosso trabalho nas cidades de Luzi\u00e2nia, Corumb\u00e1-GO, Alex\u00e2nia &#8211; GO, Cidade Ocidental, Valpara\u00edso, Jardim Ing\u00e1 &#8211; GO, \u00c1guas Lindas &#8211; GO) , entre em contato conosco via whatsapp e veja se podemos atend\u00ea-lo em sua regi\u00e3o.<\/p>\t\t\t\t\t\t\t\t<\/div>\n\t\t\t\t<\/div>\n\t\t\t\t<\/div>\n\t\t\t\t\t<\/div>\n\t\t\t\t<\/div>\n\t\t<div class=\"elementor-element elementor-element-6ba8336 e-con-full e-flex e-con e-parent\" data-id=\"6ba8336\" data-element_type=\"container\" data-settings=\"{&quot;background_background&quot;:&quot;classic&quot;}\">\n\t\t<div class=\"elementor-element elementor-element-91700db e-con-full e-flex e-con e-child\" data-id=\"91700db\" data-element_type=\"container\">\n\t\t\t\t<div class=\"elementor-element elementor-element-696d7f2 elementor-widget elementor-widget-heading\" data-id=\"696d7f2\" data-element_type=\"widget\" data-widget_type=\"heading.default\">\n\t\t\t\t<div class=\"elementor-widget-container\">\n\t\t\t\t\t<h1 class=\"elementor-heading-title elementor-size-default\">CONHE\u00c7A NOSSOS N\u00daMEROS<\/h1>\t\t\t\t<\/div>\n\t\t\t\t<\/div>\n\t\t\t\t<div class=\"elementor-element elementor-element-7019871 elementor-widget elementor-widget-heading\" data-id=\"7019871\" data-element_type=\"widget\" data-widget_type=\"heading.default\">\n\t\t\t\t<div class=\"elementor-widget-container\">\n\t\t\t\t\t<p class=\"elementor-heading-title elementor-size-default\">Estamos a mais de 20 anos neste mercado<\/p>\t\t\t\t<\/div>\n\t\t\t\t<\/div>\n\t\t\t\t<\/div>\n\t\t<div class=\"elementor-element elementor-element-949e151 e-con-full e-flex e-con e-child\" data-id=\"949e151\" data-element_type=\"container\">\n\t\t\t\t<div class=\"elementor-element elementor-element-603d099 elementor-widget elementor-widget-counter\" data-id=\"603d099\" data-element_type=\"widget\" data-widget_type=\"counter.default\">\n\t\t\t\t<div class=\"elementor-widget-container\">\n\t\t\t\t\t\t\t<div class=\"elementor-counter\">\n\t\t\t\t\t\t<div class=\"elementor-counter-number-wrapper\">\n\t\t\t\t<span class=\"elementor-counter-number-prefix\"><\/span>\n\t\t\t\t<span class=\"elementor-counter-number\" data-duration=\"2000\" data-to-value=\"684\" data-from-value=\"0\" data-delimiter=\".\">0<\/span>\n\t\t\t\t<span class=\"elementor-counter-number-suffix\"><\/span>\n\t\t\t<\/div>\n\t\t<\/div>\n\t\t\t\t\t\t<\/div>\n\t\t\t\t<\/div>\n\t\t\t\t<div class=\"elementor-element elementor-element-f7b0004 elementor-widget elementor-widget-heading\" data-id=\"f7b0004\" data-element_type=\"widget\" data-widget_type=\"heading.default\">\n\t\t\t\t<div class=\"elementor-widget-container\">\n\t\t\t\t\t<p class=\"elementor-heading-title elementor-size-default\">OR\u00c7AMENTOS<\/p>\t\t\t\t<\/div>\n\t\t\t\t<\/div>\n\t\t\t\t<\/div>\n\t\t<div class=\"elementor-element elementor-element-8a6b4c3 e-con-full e-flex e-con e-child\" data-id=\"8a6b4c3\" data-element_type=\"container\">\n\t\t\t\t<div class=\"elementor-element elementor-element-1272b8d elementor-widget elementor-widget-counter\" data-id=\"1272b8d\" data-element_type=\"widget\" data-widget_type=\"counter.default\">\n\t\t\t\t<div class=\"elementor-widget-container\">\n\t\t\t\t\t\t\t<div class=\"elementor-counter\">\n\t\t\t\t\t\t<div class=\"elementor-counter-number-wrapper\">\n\t\t\t\t<span class=\"elementor-counter-number-prefix\"><\/span>\n\t\t\t\t<span class=\"elementor-counter-number\" data-duration=\"2000\" data-to-value=\"100\" data-from-value=\"0\" data-delimiter=\".\">0<\/span>\n\t\t\t\t<span class=\"elementor-counter-number-suffix\"><\/span>\n\t\t\t<\/div>\n\t\t<\/div>\n\t\t\t\t\t\t<\/div>\n\t\t\t\t<\/div>\n\t\t\t\t<div class=\"elementor-element elementor-element-c4e810b elementor-widget elementor-widget-heading\" data-id=\"c4e810b\" data-element_type=\"widget\" data-widget_type=\"heading.default\">\n\t\t\t\t<div class=\"elementor-widget-container\">\n\t\t\t\t\t<p class=\"elementor-heading-title elementor-size-default\">Murros premoldados<\/p>\t\t\t\t<\/div>\n\t\t\t\t<\/div>\n\t\t\t\t<\/div>\n\t\t<div class=\"elementor-element elementor-element-11a7e58 e-con-full e-flex e-con e-child\" data-id=\"11a7e58\" data-element_type=\"container\">\n\t\t\t\t<div class=\"elementor-element elementor-element-a084c8e elementor-widget elementor-widget-counter\" data-id=\"a084c8e\" data-element_type=\"widget\" data-widget_type=\"counter.default\">\n\t\t\t\t<div class=\"elementor-widget-container\">\n\t\t\t\t\t\t\t<div class=\"elementor-counter\">\n\t\t\t\t\t\t<div class=\"elementor-counter-number-wrapper\">\n\t\t\t\t<span class=\"elementor-counter-number-prefix\"><\/span>\n\t\t\t\t<span class=\"elementor-counter-number\" data-duration=\"2000\" data-to-value=\"324\" data-from-value=\"0\" data-delimiter=\".\">0<\/span>\n\t\t\t\t<span class=\"elementor-counter-number-suffix\"><\/span>\n\t\t\t<\/div>\n\t\t<\/div>\n\t\t\t\t\t\t<\/div>\n\t\t\t\t<\/div>\n\t\t\t\t<div class=\"elementor-element elementor-element-aada2a3 elementor-widget elementor-widget-heading\" data-id=\"aada2a3\" data-element_type=\"widget\" data-widget_type=\"heading.default\">\n\t\t\t\t<div class=\"elementor-widget-container\">\n\t\t\t\t\t<p class=\"elementor-heading-title elementor-size-default\">CASA PREMOLDADAS<\/p>\t\t\t\t<\/div>\n\t\t\t\t<\/div>\n\t\t\t\t<\/div>\n\t\t<div class=\"elementor-element elementor-element-3bc99c6 e-con-full e-flex e-con e-child\" data-id=\"3bc99c6\" data-element_type=\"container\">\n\t\t\t\t<div class=\"elementor-element elementor-element-6c645df elementor-widget elementor-widget-counter\" data-id=\"6c645df\" data-element_type=\"widget\" data-widget_type=\"counter.default\">\n\t\t\t\t<div class=\"elementor-widget-container\">\n\t\t\t\t\t\t\t<div class=\"elementor-counter\">\n\t\t\t\t\t\t<div class=\"elementor-counter-number-wrapper\">\n\t\t\t\t<span class=\"elementor-counter-number-prefix\"><\/span>\n\t\t\t\t<span class=\"elementor-counter-number\" data-duration=\"2000\" data-to-value=\"484\" data-from-value=\"0\" data-delimiter=\".\">0<\/span>\n\t\t\t\t<span class=\"elementor-counter-number-suffix\"><\/span>\n\t\t\t<\/div>\n\t\t<\/div>\n\t\t\t\t\t\t<\/div>\n\t\t\t\t<\/div>\n\t\t\t\t<div class=\"elementor-element elementor-element-6e7cac7 elementor-widget elementor-widget-heading\" data-id=\"6e7cac7\" data-element_type=\"widget\" data-widget_type=\"heading.default\">\n\t\t\t\t<div class=\"elementor-widget-container\">\n\t\t\t\t\t<p class=\"elementor-heading-title elementor-size-default\">Clientes satisfeitos<\/p>\t\t\t\t<\/div>\n\t\t\t\t<\/div>\n\t\t\t\t<\/div>\n\t\t\t\t<\/div>\n\t\t<div class=\"elementor-element elementor-element-c48b2ce e-flex e-con-boxed e-con e-parent\" data-id=\"c48b2ce\" data-element_type=\"container\">\n\t\t\t\t\t<div class=\"e-con-inner\">\n\t\t\t\t<div class=\"elementor-element elementor-element-29eae50 elementor-widget elementor-widget-heading\" data-id=\"29eae50\" data-element_type=\"widget\" data-widget_type=\"heading.default\">\n\t\t\t\t<div class=\"elementor-widget-container\">\n\t\t\t\t\t<h1 class=\"elementor-heading-title elementor-size-default\">\u00daLTIMAS NOT\u00cdCIAS<\/h1>\t\t\t\t<\/div>\n\t\t\t\t<\/div>\n\t\t\t\t<div class=\"elementor-element elementor-element-9a152c3 elementor-widget elementor-widget-heading\" data-id=\"9a152c3\" data-element_type=\"widget\" data-widget_type=\"heading.default\">\n\t\t\t\t<div class=\"elementor-widget-container\">\n\t\t\t\t\t<p class=\"elementor-heading-title elementor-size-default\">CONECTE-SE CONOSCO TUDO SOBRE DARNA<\/p>\t\t\t\t<\/div>\n\t\t\t\t<\/div>\n\t\t\t\t<div class=\"elementor-element elementor-element-5188b6b elementor-grid-3 elementor-grid-tablet-2 elementor-grid-mobile-1 elementor-posts--thumbnail-top elementor-card-shadow-yes elementor-posts__hover-gradient elementor-widget elementor-widget-posts\" data-id=\"5188b6b\" data-element_type=\"widget\" data-settings=\"{&quot;cards_columns&quot;:&quot;3&quot;,&quot;cards_columns_tablet&quot;:&quot;2&quot;,&quot;cards_columns_mobile&quot;:&quot;1&quot;,&quot;cards_row_gap&quot;:{&quot;unit&quot;:&quot;px&quot;,&quot;size&quot;:35,&quot;sizes&quot;:[]},&quot;cards_row_gap_tablet&quot;:{&quot;unit&quot;:&quot;px&quot;,&quot;size&quot;:&quot;&quot;,&quot;sizes&quot;:[]},&quot;cards_row_gap_mobile&quot;:{&quot;unit&quot;:&quot;px&quot;,&quot;size&quot;:&quot;&quot;,&quot;sizes&quot;:[]}}\" data-widget_type=\"posts.cards\">\n\t\t\t\t<div class=\"elementor-widget-container\">\n\t\t\t\t\t\t\t<div class=\"elementor-posts-container elementor-posts elementor-posts--skin-cards elementor-grid\">\n\t\t\t\t<article class=\"elementor-post elementor-grid-item post-170 post type-post status-publish format-standard has-post-thumbnail hentry category-blog\">\n\t\t\t<div class=\"elementor-post__card\">\n\t\t\t\t<a class=\"elementor-post__thumbnail__link\" href=\"https:\/\/goldplanengenharia.com.br\/index.php\/2024\/04\/13\/manilhas-de-concreto-durabilidade-e-resistencia-para-fossas-e-sumidouros\/\" tabindex=\"-1\" ><div class=\"elementor-post__thumbnail\"><img decoding=\"async\" width=\"300\" height=\"196\" src=\"https:\/\/goldplanengenharia.com.br\/wp-content\/uploads\/2024\/04\/i9-manilhas-300x196.png\" class=\"attachment-medium size-medium wp-image-172\" alt=\"\" srcset=\"https:\/\/goldplanengenharia.com.br\/wp-content\/uploads\/2024\/04\/i9-manilhas-300x196.png 300w, https:\/\/goldplanengenharia.com.br\/wp-content\/uploads\/2024\/04\/i9-manilhas-1024x670.png 1024w, https:\/\/goldplanengenharia.com.br\/wp-content\/uploads\/2024\/04\/i9-manilhas-768x502.png 768w, https:\/\/goldplanengenharia.com.br\/wp-content\/uploads\/2024\/04\/i9-manilhas.png 1040w\" sizes=\"(max-width: 300px) 100vw, 300px\" \/><\/div><\/a>\n\t\t\t\t<div class=\"elementor-post__badge\">Blog<\/div>\n\t\t\t\t<div class=\"elementor-post__text\">\n\t\t\t\t<h3 class=\"elementor-post__title\">\n\t\t\t<a href=\"https:\/\/goldplanengenharia.com.br\/index.php\/2024\/04\/13\/manilhas-de-concreto-durabilidade-e-resistencia-para-fossas-e-sumidouros\/\" >\n\t\t\t\tManilhas de Concreto: Durabilidade e Resist\u00eancia para Fossas e Sumidouros\t\t\t<\/a>\n\t\t<\/h3>\n\t\t\t\t<div class=\"elementor-post__excerpt\">\n\t\t\t<p>Quando se trata de constru\u00e7\u00e3o de fossas e sumidouros, a escolha do material certo desempenha um papel crucial na durabilidade e efic\u00e1cia do sistema. \u00c9<\/p>\n\t\t<\/div>\n\t\t\n\t\t<a class=\"elementor-post__read-more\" href=\"https:\/\/goldplanengenharia.com.br\/index.php\/2024\/04\/13\/manilhas-de-concreto-durabilidade-e-resistencia-para-fossas-e-sumidouros\/\" aria-label=\"Leia mais sobre Manilhas de Concreto: Durabilidade e Resist\u00eancia para Fossas e Sumidouros\" tabindex=\"-1\" >\n\t\t\tLeia mais \u00bb\t\t<\/a>\n\n\t\t\t\t<\/div>\n\t\t\t\t<div class=\"elementor-post__meta-data\">\n\t\t\t\t\t<span class=\"elementor-post-avatar\">\n\t\t\tNenhum coment\u00e1rio\t\t<\/span>\n\t\t\t\t<\/div>\n\t\t\t\t\t<\/div>\n\t\t<\/article>\n\t\t\t\t<article class=\"elementor-post elementor-grid-item post-165 post type-post status-publish format-standard has-post-thumbnail hentry category-blog\">\n\t\t\t<div class=\"elementor-post__card\">\n\t\t\t\t<a class=\"elementor-post__thumbnail__link\" href=\"https:\/\/goldplanengenharia.com.br\/index.php\/2024\/04\/13\/construa-sua-casa-dos-sonhos-rapidamente-com-paredes-pre-moldadas-de-12-cm\/\" tabindex=\"-1\" ><div class=\"elementor-post__thumbnail\"><img decoding=\"async\" width=\"300\" height=\"196\" src=\"https:\/\/goldplanengenharia.com.br\/wp-content\/uploads\/2024\/04\/i9-casa-300x196.png\" class=\"attachment-medium size-medium wp-image-173\" alt=\"\" srcset=\"https:\/\/goldplanengenharia.com.br\/wp-content\/uploads\/2024\/04\/i9-casa-300x196.png 300w, https:\/\/goldplanengenharia.com.br\/wp-content\/uploads\/2024\/04\/i9-casa-1024x670.png 1024w, https:\/\/goldplanengenharia.com.br\/wp-content\/uploads\/2024\/04\/i9-casa-768x502.png 768w, https:\/\/goldplanengenharia.com.br\/wp-content\/uploads\/2024\/04\/i9-casa.png 1040w\" sizes=\"(max-width: 300px) 100vw, 300px\" \/><\/div><\/a>\n\t\t\t\t<div class=\"elementor-post__badge\">Blog<\/div>\n\t\t\t\t<div class=\"elementor-post__text\">\n\t\t\t\t<h3 class=\"elementor-post__title\">\n\t\t\t<a href=\"https:\/\/goldplanengenharia.com.br\/index.php\/2024\/04\/13\/construa-sua-casa-dos-sonhos-rapidamente-com-paredes-pre-moldadas-de-12-cm\/\" >\n\t\t\t\tConstrua sua Casa dos Sonhos Rapidamente com Paredes Pr\u00e9-Moldadas de 12 cm\t\t\t<\/a>\n\t\t<\/h3>\n\t\t\t\t<div class=\"elementor-post__excerpt\">\n\t\t\t<p>Voc\u00ea j\u00e1 imaginou construir sua casa dos sonhos de forma r\u00e1pida, eficiente e sem complica\u00e7\u00f5es? Com nosso inovador sistema de pain\u00e9is e paredes pr\u00e9-moldadas de<\/p>\n\t\t<\/div>\n\t\t\n\t\t<a class=\"elementor-post__read-more\" href=\"https:\/\/goldplanengenharia.com.br\/index.php\/2024\/04\/13\/construa-sua-casa-dos-sonhos-rapidamente-com-paredes-pre-moldadas-de-12-cm\/\" aria-label=\"Leia mais sobre Construa sua Casa dos Sonhos Rapidamente com Paredes Pr\u00e9-Moldadas de 12 cm\" tabindex=\"-1\" >\n\t\t\tLeia mais \u00bb\t\t<\/a>\n\n\t\t\t\t<\/div>\n\t\t\t\t<div class=\"elementor-post__meta-data\">\n\t\t\t\t\t<span class=\"elementor-post-avatar\">\n\t\t\tNenhum coment\u00e1rio\t\t<\/span>\n\t\t\t\t<\/div>\n\t\t\t\t\t<\/div>\n\t\t<\/article>\n\t\t\t\t<article class=\"elementor-post elementor-grid-item post-1 post type-post status-publish format-standard has-post-thumbnail hentry category-blog\">\n\t\t\t<div class=\"elementor-post__card\">\n\t\t\t\t<a class=\"elementor-post__thumbnail__link\" href=\"https:\/\/goldplanengenharia.com.br\/index.php\/2024\/04\/07\/muros-de-painel-pre-moldado-a-solucao-ideal-para-seguranca-e-privacidade\/\" tabindex=\"-1\" ><div class=\"elementor-post__thumbnail\"><img loading=\"lazy\" decoding=\"async\" width=\"300\" height=\"225\" src=\"https:\/\/goldplanengenharia.com.br\/wp-content\/uploads\/2024\/04\/post-muro-300x225.jpg\" class=\"attachment-medium size-medium wp-image-144\" alt=\"\" srcset=\"https:\/\/goldplanengenharia.com.br\/wp-content\/uploads\/2024\/04\/post-muro-300x225.jpg 300w, https:\/\/goldplanengenharia.com.br\/wp-content\/uploads\/2024\/04\/post-muro-1024x768.jpg 1024w, https:\/\/goldplanengenharia.com.br\/wp-content\/uploads\/2024\/04\/post-muro-768x576.jpg 768w, https:\/\/goldplanengenharia.com.br\/wp-content\/uploads\/2024\/04\/post-muro-1536x1152.jpg 1536w, https:\/\/goldplanengenharia.com.br\/wp-content\/uploads\/2024\/04\/post-muro.jpg 1600w\" sizes=\"(max-width: 300px) 100vw, 300px\" \/><\/div><\/a>\n\t\t\t\t<div class=\"elementor-post__badge\">Blog<\/div>\n\t\t\t\t<div class=\"elementor-post__text\">\n\t\t\t\t<h3 class=\"elementor-post__title\">\n\t\t\t<a href=\"https:\/\/goldplanengenharia.com.br\/index.php\/2024\/04\/07\/muros-de-painel-pre-moldado-a-solucao-ideal-para-seguranca-e-privacidade\/\" >\n\t\t\t\tMuros de Painel Pr\u00e9-Moldado: A Solu\u00e7\u00e3o Ideal para Seguran\u00e7a e Privacidade\t\t\t<\/a>\n\t\t<\/h3>\n\t\t\t\t<div class=\"elementor-post__excerpt\">\n\t\t\t<p>Proteger nossas casas e empresas \u00e9 uma prioridade essencial nos dias de hoje. Com a crescente preocupa\u00e7\u00e3o com seguran\u00e7a e privacidade, encontrar solu\u00e7\u00f5es eficazes e<\/p>\n\t\t<\/div>\n\t\t\n\t\t<a class=\"elementor-post__read-more\" href=\"https:\/\/goldplanengenharia.com.br\/index.php\/2024\/04\/07\/muros-de-painel-pre-moldado-a-solucao-ideal-para-seguranca-e-privacidade\/\" aria-label=\"Leia mais sobre Muros de Painel Pr\u00e9-Moldado: A Solu\u00e7\u00e3o Ideal para Seguran\u00e7a e Privacidade\" tabindex=\"-1\" >\n\t\t\tLeia mais \u00bb\t\t<\/a>\n\n\t\t\t\t<\/div>\n\t\t\t\t<div class=\"elementor-post__meta-data\">\n\t\t\t\t\t<span class=\"elementor-post-avatar\">\n\t\t\tNenhum coment\u00e1rio\t\t<\/span>\n\t\t\t\t<\/div>\n\t\t\t\t\t<\/div>\n\t\t<\/article>\n\t\t\t\t<\/div>\n\t\t\n\t\t\t\t\t\t<\/div>\n\t\t\t\t<\/div>\n\t\t\t\t\t<\/div>\n\t\t\t\t<\/div>\n\t\t\t\t<\/div>\n\t\t","protected":false},"excerpt":{"rendered":"<p>QUEM SOMOS DIVERSAS PLANTAS PARA VOC\u00ca ESCOLHER E CONSTRUIR QUEM SOMOS Descubra a revolu\u00e7\u00e3o da constru\u00e7\u00e3o com Gold Plan &#8211; Engenharia e Premoldados! Comprometemo-nos em criar uma linha inovadora de produtos pr\u00e9-fabricados de concreto, com qualidade superior e custo acess\u00edvel. Atendemos Bras\u00edlia e regi\u00f5es pr\u00f3ximas, oferecendo solu\u00e7\u00f5es que seguem os mais altos padr\u00f5es da ABNT. [&hellip;]<\/p>\n","protected":false},"author":1,"featured_media":0,"parent":0,"menu_order":0,"comment_status":"closed","ping_status":"closed","template":"","meta":{"footnotes":""},"class_list":["post-23","page","type-page","status-publish","hentry"],"_links":{"self":[{"href":"https:\/\/goldplanengenharia.com.br\/index.php\/wp-json\/wp\/v2\/pages\/23","targetHints":{"allow":["GET"]}}],"collection":[{"href":"https:\/\/goldplanengenharia.com.br\/index.php\/wp-json\/wp\/v2\/pages"}],"about":[{"href":"https:\/\/goldplanengenharia.com.br\/index.php\/wp-json\/wp\/v2\/types\/page"}],"author":[{"embeddable":true,"href":"https:\/\/goldplanengenharia.com.br\/index.php\/wp-json\/wp\/v2\/users\/1"}],"replies":[{"embeddable":true,"href":"https:\/\/goldplanengenharia.com.br\/index.php\/wp-json\/wp\/v2\/comments?post=23"}],"version-history":[{"count":157,"href":"https:\/\/goldplanengenharia.com.br\/index.php\/wp-json\/wp\/v2\/pages\/23\/revisions"}],"predecessor-version":[{"id":1024,"href":"https:\/\/goldplanengenharia.com.br\/index.php\/wp-json\/wp\/v2\/pages\/23\/revisions\/1024"}],"wp:attachment":[{"href":"https:\/\/goldplanengenharia.com.br\/index.php\/wp-json\/wp\/v2\/media?parent=23"}],"curies":[{"name":"wp","href":"https:\/\/api.w.org\/{rel}","templated":true}]}}