{"id":372,"date":"2024-04-14T13:56:27","date_gmt":"2024-04-14T16:56:27","guid":{"rendered":"https:\/\/elmocamoes.com.br\/?page_id=372"},"modified":"2025-01-09T12:25:03","modified_gmt":"2025-01-09T15:25:03","slug":"blog","status":"publish","type":"page","link":"https:\/\/goldplanengenharia.com.br\/index.php\/blog\/","title":{"rendered":"Blog"},"content":{"rendered":"\t\t<div data-elementor-type=\"wp-page\" data-elementor-id=\"372\" class=\"elementor elementor-372\" data-elementor-post-type=\"page\">\n\t\t\t\t<div class=\"elementor-element elementor-element-e1f2f52 e-flex e-con-boxed e-con e-parent\" data-id=\"e1f2f52\" data-element_type=\"container\" data-settings=\"{&quot;background_background&quot;:&quot;classic&quot;}\">\n\t\t\t\t\t<div class=\"e-con-inner\">\n\t\t\t\t<div class=\"elementor-element elementor-element-ec3efd3 elementor-widget elementor-widget-heading\" data-id=\"ec3efd3\" data-element_type=\"widget\" data-widget_type=\"heading.default\">\n\t\t\t\t<div class=\"elementor-widget-container\">\n\t\t\t\t\t<h2 class=\"elementor-heading-title elementor-size-default\">GOLD PLAN<\/h2>\t\t\t\t<\/div>\n\t\t\t\t<\/div>\n\t\t\t\t<div class=\"elementor-element elementor-element-2253265 elementor-widget elementor-widget-text-editor\" data-id=\"2253265\" data-element_type=\"widget\" data-widget_type=\"text-editor.default\">\n\t\t\t\t<div class=\"elementor-widget-container\">\n\t\t\t\t\t\t\t\t\t<p>HOME &gt; GOLD-PLAN &gt; BLOG<\/p>\t\t\t\t\t\t\t\t<\/div>\n\t\t\t\t<\/div>\n\t\t\t\t\t<\/div>\n\t\t\t\t<\/div>\n\t\t<div class=\"elementor-element elementor-element-d728d59 e-flex e-con-boxed e-con e-parent\" data-id=\"d728d59\" data-element_type=\"container\" data-settings=\"{&quot;background_background&quot;:&quot;classic&quot;}\">\n\t\t\t\t\t<div class=\"e-con-inner\">\n\t\t<div class=\"elementor-element elementor-element-54a33a2 e-flex e-con-boxed e-con e-child\" data-id=\"54a33a2\" data-element_type=\"container\">\n\t\t\t\t\t<div class=\"e-con-inner\">\n\t\t\t\t<div class=\"elementor-element elementor-element-12839f2 elementor-widget elementor-widget-heading\" data-id=\"12839f2\" data-element_type=\"widget\" data-widget_type=\"heading.default\">\n\t\t\t\t<div class=\"elementor-widget-container\">\n\t\t\t\t\t<h1 class=\"elementor-heading-title elementor-size-default\">Blog<\/h1>\t\t\t\t<\/div>\n\t\t\t\t<\/div>\n\t\t\t\t<div class=\"elementor-element elementor-element-2d1f7ed elementor-widget elementor-widget-heading\" data-id=\"2d1f7ed\" data-element_type=\"widget\" data-widget_type=\"heading.default\">\n\t\t\t\t<div class=\"elementor-widget-container\">\n\t\t\t\t\t<p class=\"elementor-heading-title elementor-size-default\">casas e muros em pr\u00e9-moldados em Bras\u00edlia e Entorno<\/p>\t\t\t\t<\/div>\n\t\t\t\t<\/div>\n\t\t\t\t\t<\/div>\n\t\t\t\t<\/div>\n\t\t\t\t\t<\/div>\n\t\t\t\t<\/div>\n\t\t<div class=\"elementor-element elementor-element-4d8c05d e-flex e-con-boxed e-con e-parent\" data-id=\"4d8c05d\" data-element_type=\"container\">\n\t\t\t\t\t<div class=\"e-con-inner\">\n\t\t<div class=\"elementor-element elementor-element-ec81b21 e-con-full e-flex e-con e-child\" data-id=\"ec81b21\" data-element_type=\"container\">\n\t\t\t\t<div class=\"elementor-element elementor-element-c0b5af2 elementor-grid-3 elementor-grid-tablet-2 elementor-grid-mobile-1 elementor-posts--thumbnail-top elementor-posts--show-avatar elementor-card-shadow-yes elementor-posts__hover-gradient elementor-widget elementor-widget-posts\" data-id=\"c0b5af2\" data-element_type=\"widget\" data-settings=\"{&quot;cards_columns&quot;:&quot;3&quot;,&quot;cards_columns_tablet&quot;:&quot;2&quot;,&quot;cards_columns_mobile&quot;:&quot;1&quot;,&quot;cards_row_gap&quot;:{&quot;unit&quot;:&quot;px&quot;,&quot;size&quot;:35,&quot;sizes&quot;:[]},&quot;cards_row_gap_tablet&quot;:{&quot;unit&quot;:&quot;px&quot;,&quot;size&quot;:&quot;&quot;,&quot;sizes&quot;:[]},&quot;cards_row_gap_mobile&quot;:{&quot;unit&quot;:&quot;px&quot;,&quot;size&quot;:&quot;&quot;,&quot;sizes&quot;:[]}}\" data-widget_type=\"posts.cards\">\n\t\t\t\t<div class=\"elementor-widget-container\">\n\t\t\t\t\t\t\t<div class=\"elementor-posts-container elementor-posts elementor-posts--skin-cards elementor-grid\">\n\t\t\t\t<article class=\"elementor-post elementor-grid-item post-170 post type-post status-publish format-standard has-post-thumbnail hentry category-blog\">\n\t\t\t<div class=\"elementor-post__card\">\n\t\t\t\t<a class=\"elementor-post__thumbnail__link\" href=\"https:\/\/goldplanengenharia.com.br\/index.php\/2024\/04\/13\/manilhas-de-concreto-durabilidade-e-resistencia-para-fossas-e-sumidouros\/\" tabindex=\"-1\" ><div class=\"elementor-post__thumbnail\"><img fetchpriority=\"high\" decoding=\"async\" width=\"300\" height=\"196\" src=\"https:\/\/goldplanengenharia.com.br\/wp-content\/uploads\/2024\/04\/i9-manilhas-300x196.png\" class=\"attachment-medium size-medium wp-image-172\" alt=\"\" srcset=\"https:\/\/goldplanengenharia.com.br\/wp-content\/uploads\/2024\/04\/i9-manilhas-300x196.png 300w, https:\/\/goldplanengenharia.com.br\/wp-content\/uploads\/2024\/04\/i9-manilhas-1024x670.png 1024w, https:\/\/goldplanengenharia.com.br\/wp-content\/uploads\/2024\/04\/i9-manilhas-768x502.png 768w, https:\/\/goldplanengenharia.com.br\/wp-content\/uploads\/2024\/04\/i9-manilhas.png 1040w\" sizes=\"(max-width: 300px) 100vw, 300px\" \/><\/div><\/a>\n\t\t\t\t<div class=\"elementor-post__badge\">Blog<\/div>\n\t\t\t\t<div class=\"elementor-post__avatar\">\n\t\t\t<img alt='Equipe Gold Plan' src='https:\/\/goldplanengenharia.com.br\/wp-content\/uploads\/2025\/01\/redator-300x300.png' srcset='https:\/\/goldplanengenharia.com.br\/wp-content\/uploads\/2025\/01\/redator-300x300.png 300w, https:\/\/goldplanengenharia.com.br\/wp-content\/uploads\/2025\/01\/redator-150x150.png 150w, https:\/\/goldplanengenharia.com.br\/wp-content\/uploads\/2025\/01\/redator.png 450w' class='avatar avatar-128 photo' height='128' width='128' \/>\t\t<\/div>\n\t\t\t\t<div class=\"elementor-post__text\">\n\t\t\t\t<h3 class=\"elementor-post__title\">\n\t\t\t<a href=\"https:\/\/goldplanengenharia.com.br\/index.php\/2024\/04\/13\/manilhas-de-concreto-durabilidade-e-resistencia-para-fossas-e-sumidouros\/\" >\n\t\t\t\tManilhas de Concreto: Durabilidade e Resist\u00eancia para Fossas e Sumidouros\t\t\t<\/a>\n\t\t<\/h3>\n\t\t\t\t<div class=\"elementor-post__excerpt\">\n\t\t\t<p>Quando se trata de constru\u00e7\u00e3o de fossas e sumidouros, a escolha do material certo desempenha um papel crucial na durabilidade e efic\u00e1cia do sistema. \u00c9<\/p>\n\t\t<\/div>\n\t\t\n\t\t<a class=\"elementor-post__read-more\" href=\"https:\/\/goldplanengenharia.com.br\/index.php\/2024\/04\/13\/manilhas-de-concreto-durabilidade-e-resistencia-para-fossas-e-sumidouros\/\" aria-label=\"Leia mais sobre Manilhas de Concreto: Durabilidade e Resist\u00eancia para Fossas e Sumidouros\" tabindex=\"-1\" >\n\t\t\tLeia mais \u00bb\t\t<\/a>\n\n\t\t\t\t<\/div>\n\t\t\t\t<div class=\"elementor-post__meta-data\">\n\t\t\t\t\t<span class=\"elementor-post-date\">\n\t\t\t13 de abril de 2024\t\t<\/span>\n\t\t\t\t<span class=\"elementor-post-avatar\">\n\t\t\tNenhum coment\u00e1rio\t\t<\/span>\n\t\t\t\t<\/div>\n\t\t\t\t\t<\/div>\n\t\t<\/article>\n\t\t\t\t<article class=\"elementor-post elementor-grid-item post-165 post type-post status-publish format-standard has-post-thumbnail hentry category-blog\">\n\t\t\t<div class=\"elementor-post__card\">\n\t\t\t\t<a class=\"elementor-post__thumbnail__link\" href=\"https:\/\/goldplanengenharia.com.br\/index.php\/2024\/04\/13\/construa-sua-casa-dos-sonhos-rapidamente-com-paredes-pre-moldadas-de-12-cm\/\" tabindex=\"-1\" ><div class=\"elementor-post__thumbnail\"><img decoding=\"async\" width=\"300\" height=\"196\" src=\"https:\/\/goldplanengenharia.com.br\/wp-content\/uploads\/2024\/04\/i9-casa-300x196.png\" class=\"attachment-medium size-medium wp-image-173\" alt=\"\" srcset=\"https:\/\/goldplanengenharia.com.br\/wp-content\/uploads\/2024\/04\/i9-casa-300x196.png 300w, https:\/\/goldplanengenharia.com.br\/wp-content\/uploads\/2024\/04\/i9-casa-1024x670.png 1024w, https:\/\/goldplanengenharia.com.br\/wp-content\/uploads\/2024\/04\/i9-casa-768x502.png 768w, https:\/\/goldplanengenharia.com.br\/wp-content\/uploads\/2024\/04\/i9-casa.png 1040w\" sizes=\"(max-width: 300px) 100vw, 300px\" \/><\/div><\/a>\n\t\t\t\t<div class=\"elementor-post__badge\">Blog<\/div>\n\t\t\t\t<div class=\"elementor-post__avatar\">\n\t\t\t<img alt='Equipe Gold Plan' src='https:\/\/goldplanengenharia.com.br\/wp-content\/uploads\/2025\/01\/redator-300x300.png' srcset='https:\/\/goldplanengenharia.com.br\/wp-content\/uploads\/2025\/01\/redator-300x300.png 300w, https:\/\/goldplanengenharia.com.br\/wp-content\/uploads\/2025\/01\/redator-150x150.png 150w, https:\/\/goldplanengenharia.com.br\/wp-content\/uploads\/2025\/01\/redator.png 450w' class='avatar avatar-128 photo' height='128' width='128' \/>\t\t<\/div>\n\t\t\t\t<div class=\"elementor-post__text\">\n\t\t\t\t<h3 class=\"elementor-post__title\">\n\t\t\t<a href=\"https:\/\/goldplanengenharia.com.br\/index.php\/2024\/04\/13\/construa-sua-casa-dos-sonhos-rapidamente-com-paredes-pre-moldadas-de-12-cm\/\" >\n\t\t\t\tConstrua sua Casa dos Sonhos Rapidamente com Paredes Pr\u00e9-Moldadas de 12 cm\t\t\t<\/a>\n\t\t<\/h3>\n\t\t\t\t<div class=\"elementor-post__excerpt\">\n\t\t\t<p>Voc\u00ea j\u00e1 imaginou construir sua casa dos sonhos de forma r\u00e1pida, eficiente e sem complica\u00e7\u00f5es? Com nosso inovador sistema de pain\u00e9is e paredes pr\u00e9-moldadas de<\/p>\n\t\t<\/div>\n\t\t\n\t\t<a class=\"elementor-post__read-more\" href=\"https:\/\/goldplanengenharia.com.br\/index.php\/2024\/04\/13\/construa-sua-casa-dos-sonhos-rapidamente-com-paredes-pre-moldadas-de-12-cm\/\" aria-label=\"Leia mais sobre Construa sua Casa dos Sonhos Rapidamente com Paredes Pr\u00e9-Moldadas de 12 cm\" tabindex=\"-1\" >\n\t\t\tLeia mais \u00bb\t\t<\/a>\n\n\t\t\t\t<\/div>\n\t\t\t\t<div class=\"elementor-post__meta-data\">\n\t\t\t\t\t<span class=\"elementor-post-date\">\n\t\t\t13 de abril de 2024\t\t<\/span>\n\t\t\t\t<span class=\"elementor-post-avatar\">\n\t\t\tNenhum coment\u00e1rio\t\t<\/span>\n\t\t\t\t<\/div>\n\t\t\t\t\t<\/div>\n\t\t<\/article>\n\t\t\t\t<article class=\"elementor-post elementor-grid-item post-1 post type-post status-publish format-standard has-post-thumbnail hentry category-blog\">\n\t\t\t<div class=\"elementor-post__card\">\n\t\t\t\t<a class=\"elementor-post__thumbnail__link\" href=\"https:\/\/goldplanengenharia.com.br\/index.php\/2024\/04\/07\/muros-de-painel-pre-moldado-a-solucao-ideal-para-seguranca-e-privacidade\/\" tabindex=\"-1\" ><div class=\"elementor-post__thumbnail\"><img decoding=\"async\" width=\"300\" height=\"225\" src=\"https:\/\/goldplanengenharia.com.br\/wp-content\/uploads\/2024\/04\/post-muro-300x225.jpg\" class=\"attachment-medium size-medium wp-image-144\" alt=\"\" srcset=\"https:\/\/goldplanengenharia.com.br\/wp-content\/uploads\/2024\/04\/post-muro-300x225.jpg 300w, https:\/\/goldplanengenharia.com.br\/wp-content\/uploads\/2024\/04\/post-muro-1024x768.jpg 1024w, https:\/\/goldplanengenharia.com.br\/wp-content\/uploads\/2024\/04\/post-muro-768x576.jpg 768w, https:\/\/goldplanengenharia.com.br\/wp-content\/uploads\/2024\/04\/post-muro-1536x1152.jpg 1536w, https:\/\/goldplanengenharia.com.br\/wp-content\/uploads\/2024\/04\/post-muro.jpg 1600w\" sizes=\"(max-width: 300px) 100vw, 300px\" \/><\/div><\/a>\n\t\t\t\t<div class=\"elementor-post__badge\">Blog<\/div>\n\t\t\t\t<div class=\"elementor-post__avatar\">\n\t\t\t<img alt='Equipe Gold Plan' src='https:\/\/goldplanengenharia.com.br\/wp-content\/uploads\/2025\/01\/redator-300x300.png' srcset='https:\/\/goldplanengenharia.com.br\/wp-content\/uploads\/2025\/01\/redator-300x300.png 300w, https:\/\/goldplanengenharia.com.br\/wp-content\/uploads\/2025\/01\/redator-150x150.png 150w, https:\/\/goldplanengenharia.com.br\/wp-content\/uploads\/2025\/01\/redator.png 450w' class='avatar avatar-128 photo' height='128' width='128' \/>\t\t<\/div>\n\t\t\t\t<div class=\"elementor-post__text\">\n\t\t\t\t<h3 class=\"elementor-post__title\">\n\t\t\t<a href=\"https:\/\/goldplanengenharia.com.br\/index.php\/2024\/04\/07\/muros-de-painel-pre-moldado-a-solucao-ideal-para-seguranca-e-privacidade\/\" >\n\t\t\t\tMuros de Painel Pr\u00e9-Moldado: A Solu\u00e7\u00e3o Ideal para Seguran\u00e7a e Privacidade\t\t\t<\/a>\n\t\t<\/h3>\n\t\t\t\t<div class=\"elementor-post__excerpt\">\n\t\t\t<p>Proteger nossas casas e empresas \u00e9 uma prioridade essencial nos dias de hoje. Com a crescente preocupa\u00e7\u00e3o com seguran\u00e7a e privacidade, encontrar solu\u00e7\u00f5es eficazes e<\/p>\n\t\t<\/div>\n\t\t\n\t\t<a class=\"elementor-post__read-more\" href=\"https:\/\/goldplanengenharia.com.br\/index.php\/2024\/04\/07\/muros-de-painel-pre-moldado-a-solucao-ideal-para-seguranca-e-privacidade\/\" aria-label=\"Leia mais sobre Muros de Painel Pr\u00e9-Moldado: A Solu\u00e7\u00e3o Ideal para Seguran\u00e7a e Privacidade\" tabindex=\"-1\" >\n\t\t\tLeia mais \u00bb\t\t<\/a>\n\n\t\t\t\t<\/div>\n\t\t\t\t<div class=\"elementor-post__meta-data\">\n\t\t\t\t\t<span class=\"elementor-post-date\">\n\t\t\t7 de abril de 2024\t\t<\/span>\n\t\t\t\t<span class=\"elementor-post-avatar\">\n\t\t\tNenhum coment\u00e1rio\t\t<\/span>\n\t\t\t\t<\/div>\n\t\t\t\t\t<\/div>\n\t\t<\/article>\n\t\t\t\t<\/div>\n\t\t\n\t\t\t\t\t\t<\/div>\n\t\t\t\t<\/div>\n\t\t\t\t<\/div>\n\t\t\t\t\t<\/div>\n\t\t\t\t<\/div>\n\t\t\t\t<\/div>\n\t\t","protected":false},"excerpt":{"rendered":"<p>GOLD PLAN HOME &gt; GOLD-PLAN &gt; BLOG Blog casas e muros em pr\u00e9-moldados em Bras\u00edlia e Entorno<\/p>\n","protected":false},"author":1,"featured_media":0,"parent":0,"menu_order":0,"comment_status":"closed","ping_status":"closed","template":"","meta":{"footnotes":""},"class_list":["post-372","page","type-page","status-publish","hentry"],"_links":{"self":[{"href":"https:\/\/goldplanengenharia.com.br\/index.php\/wp-json\/wp\/v2\/pages\/372","targetHints":{"allow":["GET"]}}],"collection":[{"href":"https:\/\/goldplanengenharia.com.br\/index.php\/wp-json\/wp\/v2\/pages"}],"about":[{"href":"https:\/\/goldplanengenharia.com.br\/index.php\/wp-json\/wp\/v2\/types\/page"}],"author":[{"embeddable":true,"href":"https:\/\/goldplanengenharia.com.br\/index.php\/wp-json\/wp\/v2\/users\/1"}],"replies":[{"embeddable":true,"href":"https:\/\/goldplanengenharia.com.br\/index.php\/wp-json\/wp\/v2\/comments?post=372"}],"version-history":[{"count":25,"href":"https:\/\/goldplanengenharia.com.br\/index.php\/wp-json\/wp\/v2\/pages\/372\/revisions"}],"predecessor-version":[{"id":874,"href":"https:\/\/goldplanengenharia.com.br\/index.php\/wp-json\/wp\/v2\/pages\/372\/revisions\/874"}],"wp:attachment":[{"href":"https:\/\/goldplanengenharia.com.br\/index.php\/wp-json\/wp\/v2\/media?parent=372"}],"curies":[{"name":"wp","href":"https:\/\/api.w.org\/{rel}","templated":true}]}}