{"id":472,"date":"2024-04-14T16:53:20","date_gmt":"2024-04-14T19:53:20","guid":{"rendered":"https:\/\/elmocamoes.com.br\/?page_id=472"},"modified":"2025-01-09T12:23:22","modified_gmt":"2025-01-09T15:23:22","slug":"muro","status":"publish","type":"page","link":"https:\/\/goldplanengenharia.com.br\/index.php\/muro\/","title":{"rendered":"Muro"},"content":{"rendered":"\t\t<div data-elementor-type=\"wp-page\" data-elementor-id=\"472\" class=\"elementor elementor-472\" data-elementor-post-type=\"page\">\n\t\t\t\t<div class=\"elementor-element elementor-element-28f95e1 e-flex e-con-boxed e-con e-parent\" data-id=\"28f95e1\" data-element_type=\"container\" data-settings=\"{&quot;background_background&quot;:&quot;classic&quot;}\">\n\t\t\t\t\t<div class=\"e-con-inner\">\n\t\t\t\t<div class=\"elementor-element elementor-element-97de069 elementor-widget elementor-widget-heading\" data-id=\"97de069\" data-element_type=\"widget\" data-widget_type=\"heading.default\">\n\t\t\t\t<div class=\"elementor-widget-container\">\n\t\t\t\t\t<h2 class=\"elementor-heading-title elementor-size-default\">MURO<\/h2>\t\t\t\t<\/div>\n\t\t\t\t<\/div>\n\t\t\t\t<div class=\"elementor-element elementor-element-430f4bf elementor-widget elementor-widget-text-editor\" data-id=\"430f4bf\" data-element_type=\"widget\" data-widget_type=\"text-editor.default\">\n\t\t\t\t<div class=\"elementor-widget-container\">\n\t\t\t\t\t\t\t\t\t<p>HOME &gt; PRODUTOS &gt; MURO<\/p>\t\t\t\t\t\t\t\t<\/div>\n\t\t\t\t<\/div>\n\t\t\t\t\t<\/div>\n\t\t\t\t<\/div>\n\t\t<div class=\"elementor-element elementor-element-8e7fe89 e-flex e-con-boxed e-con e-parent\" data-id=\"8e7fe89\" data-element_type=\"container\" data-settings=\"{&quot;background_background&quot;:&quot;classic&quot;}\">\n\t\t\t\t\t<div class=\"e-con-inner\">\n\t\t<div class=\"elementor-element elementor-element-ee6fa08 e-flex e-con-boxed e-con e-child\" data-id=\"ee6fa08\" data-element_type=\"container\">\n\t\t\t\t\t<div class=\"e-con-inner\">\n\t\t\t\t<div class=\"elementor-element elementor-element-ae257b9 elementor-widget elementor-widget-heading\" data-id=\"ae257b9\" data-element_type=\"widget\" data-widget_type=\"heading.default\">\n\t\t\t\t<div class=\"elementor-widget-container\">\n\t\t\t\t\t<h1 class=\"elementor-heading-title elementor-size-default\">PRODUTOS - MURO<\/h1>\t\t\t\t<\/div>\n\t\t\t\t<\/div>\n\t\t\t\t<div class=\"elementor-element elementor-element-4d6b9c1 elementor-widget elementor-widget-heading\" data-id=\"4d6b9c1\" data-element_type=\"widget\" data-widget_type=\"heading.default\">\n\t\t\t\t<div class=\"elementor-widget-container\">\n\t\t\t\t\t<p class=\"elementor-heading-title elementor-size-default\">casas e muros em pr\u00e9-moldados em Bras\u00edlia e Entorno<\/p>\t\t\t\t<\/div>\n\t\t\t\t<\/div>\n\t\t\t\t\t<\/div>\n\t\t\t\t<\/div>\n\t\t\t\t\t<\/div>\n\t\t\t\t<\/div>\n\t\t<div class=\"elementor-element elementor-element-9aab6b9 e-flex e-con-boxed e-con e-parent\" data-id=\"9aab6b9\" data-element_type=\"container\">\n\t\t\t\t\t<div class=\"e-con-inner\">\n\t\t<div class=\"elementor-element elementor-element-3d47085 e-con-full e-flex e-con e-child\" data-id=\"3d47085\" data-element_type=\"container\">\n\t\t\t\t<div class=\"elementor-element elementor-element-517b85e elementor-widget__width-initial elementor-widget elementor-widget-image\" data-id=\"517b85e\" data-element_type=\"widget\" data-widget_type=\"image.default\">\n\t\t\t\t<div class=\"elementor-widget-container\">\n\t\t\t\t\t\t\t\t\t\t\t\t\t\t\t<img fetchpriority=\"high\" decoding=\"async\" width=\"569\" height=\"451\" src=\"https:\/\/goldplanengenharia.com.br\/wp-content\/uploads\/2024\/04\/I9premoldado-produtos-muro.png\" class=\"attachment-full size-full wp-image-487\" alt=\"\" srcset=\"https:\/\/goldplanengenharia.com.br\/wp-content\/uploads\/2024\/04\/I9premoldado-produtos-muro.png 569w, https:\/\/goldplanengenharia.com.br\/wp-content\/uploads\/2024\/04\/I9premoldado-produtos-muro-300x238.png 300w\" sizes=\"(max-width: 569px) 100vw, 569px\" \/>\t\t\t\t\t\t\t\t\t\t\t\t\t\t\t<\/div>\n\t\t\t\t<\/div>\n\t\t\t\t<\/div>\n\t\t<div class=\"elementor-element elementor-element-4041e58 e-con-full e-flex e-con e-child\" data-id=\"4041e58\" data-element_type=\"container\">\n\t\t\t\t<div class=\"elementor-element elementor-element-9fb078f elementor-widget elementor-widget-heading\" data-id=\"9fb078f\" data-element_type=\"widget\" data-widget_type=\"heading.default\">\n\t\t\t\t<div class=\"elementor-widget-container\">\n\t\t\t\t\t<h1 class=\"elementor-heading-title elementor-size-default\">Vantagens do Muro de Pr\u00e9-moldado<\/h1>\t\t\t\t<\/div>\n\t\t\t\t<\/div>\n\t\t\t\t<div class=\"elementor-element elementor-element-f584f25 elementor-widget elementor-widget-text-editor\" data-id=\"f584f25\" data-element_type=\"widget\" data-widget_type=\"text-editor.default\">\n\t\t\t\t<div class=\"elementor-widget-container\">\n\t\t\t\t\t\t\t\t\t<p>Imagine construir seu muro de forma r\u00e1pida, sem comprometer a qualidade e ainda economizando dinheiro no processo. Os muros constru\u00eddos com essa abordagem s\u00e3o incrivelmente resistentes e oferecem uma variedade de estilos para voc\u00ea escolher, adaptando-se perfeitamente ao seu gosto e ao ambiente ao redor.<\/p><p>A durabilidade desses muros tamb\u00e9m garante uma tranquilidade duradoura. Com uma constru\u00e7\u00e3o s\u00f3lida e resistente, voc\u00ea pode desfrutar de seu espa\u00e7o por muitos anos, sem se preocupar com reparos frequentes ou substitui\u00e7\u00f5es.<\/p><p>Em resumo, a constru\u00e7\u00e3o rel\u00e2mpago \u00e9 uma op\u00e7\u00e3o pr\u00e1tica e eficiente para transformar seu espa\u00e7o com durabilidade e design personalizado. Se voc\u00ea est\u00e1 buscando uma solu\u00e7\u00e3o r\u00e1pida, econ\u00f4mica e ecologicamente consciente para seu projeto de constru\u00e7\u00e3o, n\u00e3o hesite em considerar essa solu\u00e7\u00e3o incr\u00edvel.<\/p>\t\t\t\t\t\t\t\t<\/div>\n\t\t\t\t<\/div>\n\t\t\t\t<\/div>\n\t\t\t\t\t<\/div>\n\t\t\t\t<\/div>\n\t\t<div class=\"elementor-element elementor-element-ad869d9 e-flex e-con-boxed e-con e-parent\" data-id=\"ad869d9\" data-element_type=\"container\" data-settings=\"{&quot;background_background&quot;:&quot;classic&quot;}\">\n\t\t\t\t\t<div class=\"e-con-inner\">\n\t\t<div class=\"elementor-element elementor-element-e819b3f e-con-full e-flex e-con e-child\" data-id=\"e819b3f\" data-element_type=\"container\">\n\t\t\t\t<div class=\"elementor-element elementor-element-6203545 elementor-widget elementor-widget-heading\" data-id=\"6203545\" data-element_type=\"widget\" data-widget_type=\"heading.default\">\n\t\t\t\t<div class=\"elementor-widget-container\">\n\t\t\t\t\t<h1 class=\"elementor-heading-title elementor-size-default\">Muro de Pr\u00e9-moldado<\/h1>\t\t\t\t<\/div>\n\t\t\t\t<\/div>\n\t\t\t\t<div class=\"elementor-element elementor-element-9dbb218 elementor-widget elementor-widget-heading\" data-id=\"9dbb218\" data-element_type=\"widget\" data-widget_type=\"heading.default\">\n\t\t\t\t<div class=\"elementor-widget-container\">\n\t\t\t\t\t<p class=\"elementor-heading-title elementor-size-default\">comprometem-se em projetar, desenvolver e comercializar<\/p>\t\t\t\t<\/div>\n\t\t\t\t<\/div>\n\t\t\t\t<\/div>\n\t\t<div class=\"elementor-element elementor-element-9358277 e-con-full e-flex e-con e-child\" data-id=\"9358277\" data-element_type=\"container\">\n\t\t\t\t<div class=\"elementor-element elementor-element-8f78e5d elementor-widget elementor-widget-image\" data-id=\"8f78e5d\" data-element_type=\"widget\" data-widget_type=\"image.default\">\n\t\t\t\t<div class=\"elementor-widget-container\">\n\t\t\t\t\t\t\t\t\t\t\t\t\t\t\t<img decoding=\"async\" width=\"800\" height=\"760\" src=\"https:\/\/goldplanengenharia.com.br\/wp-content\/uploads\/2024\/04\/Imagem-do-WhatsApp-de-2024-04-14-as-09.47.23_a6bcddf3-1.jpg\" class=\"attachment-large size-large wp-image-499\" alt=\"\" srcset=\"https:\/\/goldplanengenharia.com.br\/wp-content\/uploads\/2024\/04\/Imagem-do-WhatsApp-de-2024-04-14-as-09.47.23_a6bcddf3-1.jpg 850w, https:\/\/goldplanengenharia.com.br\/wp-content\/uploads\/2024\/04\/Imagem-do-WhatsApp-de-2024-04-14-as-09.47.23_a6bcddf3-1-300x285.jpg 300w, https:\/\/goldplanengenharia.com.br\/wp-content\/uploads\/2024\/04\/Imagem-do-WhatsApp-de-2024-04-14-as-09.47.23_a6bcddf3-1-768x730.jpg 768w\" sizes=\"(max-width: 800px) 100vw, 800px\" \/>\t\t\t\t\t\t\t\t\t\t\t\t\t\t\t<\/div>\n\t\t\t\t<\/div>\n\t\t\t\t<div class=\"elementor-element elementor-element-4355736 elementor-widget elementor-widget-heading\" data-id=\"4355736\" data-element_type=\"widget\" data-widget_type=\"heading.default\">\n\t\t\t\t<div class=\"elementor-widget-container\">\n\t\t\t\t\t<h1 class=\"elementor-heading-title elementor-size-default\">Muro Pr\u00e9 fabricado 1,00 de altura com tela.<\/h1>\t\t\t\t<\/div>\n\t\t\t\t<\/div>\n\t\t\t\t<div class=\"elementor-element elementor-element-8664f5d elementor-widget elementor-widget-text-editor\" data-id=\"8664f5d\" data-element_type=\"widget\" data-widget_type=\"text-editor.default\">\n\t\t\t\t<div class=\"elementor-widget-container\">\n\t\t\t\t\t\t\t\t\t<p class=\"font_8 wixui-rich-text__text\"><span class=\"wixui-rich-text__text\">Especifica\u00e7\u00f5es:<\/span><\/p><ul class=\"font_8 wixui-rich-text__text\"><li class=\"wixui-rich-text__text\"><p class=\"font_8 wixui-rich-text__text\"><span class=\"wixui-rich-text__text\">Altura de 1,00m;<\/span><\/p><\/li><li class=\"wixui-rich-text__text\"><p class=\"font_8 wixui-rich-text__text\"><span class=\"wixui-rich-text__text\">Placas de concreto 0,50m x 1,60m x 0,03m, com \u00a0e 2 barras de ferros 4.2 mm na horizontal;<\/span><\/p><\/li><li class=\"wixui-rich-text__text\"><p class=\"font_8 wixui-rich-text__text\"><span class=\"wixui-rich-text__text\">Mour\u00f5es de concreto se\u00e7\u00e3o \u201cH\u201d 0,10m x 0,10m x 2,70m;<\/span><\/p><\/li><li class=\"wixui-rich-text__text\"><p class=\"font_8 wixui-rich-text__text\"><span class=\"wixui-rich-text__text\">Espa\u00e7amento entre mour\u00f5es de 1,60m;<\/span><\/p><\/li><li class=\"wixui-rich-text__text\"><p class=\"font_8 wixui-rich-text__text\"><span class=\"wixui-rich-text__text\">Os mour\u00f5es s\u00e3o fixados 0,70m no solo;<\/span><\/p><\/li><li class=\"wixui-rich-text__text\"><p class=\"font_8 wixui-rich-text__text\"><span class=\"wixui-rich-text__text\">Depois da montagem do muro as placas ser\u00e3o rejuntadas junto aos mour\u00f5es com argamassa de cimento e areia.<\/span><\/p><\/li><\/ul>\t\t\t\t\t\t\t\t<\/div>\n\t\t\t\t<\/div>\n\t\t\t\t<\/div>\n\t\t<div class=\"elementor-element elementor-element-ea3d5ef e-con-full e-flex e-con e-child\" data-id=\"ea3d5ef\" data-element_type=\"container\">\n\t\t\t\t<div class=\"elementor-element elementor-element-548d7b2 elementor-widget elementor-widget-image\" data-id=\"548d7b2\" data-element_type=\"widget\" data-widget_type=\"image.default\">\n\t\t\t\t<div class=\"elementor-widget-container\">\n\t\t\t\t\t\t\t\t\t\t\t\t\t\t\t<img decoding=\"async\" width=\"800\" height=\"787\" src=\"https:\/\/goldplanengenharia.com.br\/wp-content\/uploads\/2024\/04\/Imagem-do-WhatsApp-de-2024-04-14-as-09.47.24_fcf567f7.jpg\" class=\"attachment-large size-large wp-image-501\" alt=\"\" srcset=\"https:\/\/goldplanengenharia.com.br\/wp-content\/uploads\/2024\/04\/Imagem-do-WhatsApp-de-2024-04-14-as-09.47.24_fcf567f7.jpg 840w, https:\/\/goldplanengenharia.com.br\/wp-content\/uploads\/2024\/04\/Imagem-do-WhatsApp-de-2024-04-14-as-09.47.24_fcf567f7-300x295.jpg 300w, https:\/\/goldplanengenharia.com.br\/wp-content\/uploads\/2024\/04\/Imagem-do-WhatsApp-de-2024-04-14-as-09.47.24_fcf567f7-768x755.jpg 768w\" sizes=\"(max-width: 800px) 100vw, 800px\" \/>\t\t\t\t\t\t\t\t\t\t\t\t\t\t\t<\/div>\n\t\t\t\t<\/div>\n\t\t\t\t<div class=\"elementor-element elementor-element-d79adad elementor-widget elementor-widget-heading\" data-id=\"d79adad\" data-element_type=\"widget\" data-widget_type=\"heading.default\">\n\t\t\t\t<div class=\"elementor-widget-container\">\n\t\t\t\t\t<h1 class=\"elementor-heading-title elementor-size-default\">Muro Pr\u00e9 fabricado 2M de altura com moldura<\/h1>\t\t\t\t<\/div>\n\t\t\t\t<\/div>\n\t\t\t\t<div class=\"elementor-element elementor-element-860a280 elementor-widget elementor-widget-text-editor\" data-id=\"860a280\" data-element_type=\"widget\" data-widget_type=\"text-editor.default\">\n\t\t\t\t<div class=\"elementor-widget-container\">\n\t\t\t\t\t\t\t\t\t<p class=\"font_8 wixui-rich-text__text\"><span class=\"wixui-rich-text__text\">Especifica\u00e7\u00f5es:<\/span><\/p><ul class=\"font_8 wixui-rich-text__text\"><li class=\"wixui-rich-text__text\"><p class=\"font_8 wixui-rich-text__text\"><span class=\"wixui-rich-text__text\">Altura de 2,00m;<\/span><\/p><\/li><li class=\"wixui-rich-text__text\"><p class=\"font_8 wixui-rich-text__text\"><span class=\"wixui-rich-text__text\">Placas de concreto 0,50m x 1,60m x 0,03m, com \u00a0e 2 barras de ferros 4.2 mm na horizontal;<\/span><\/p><\/li><li class=\"wixui-rich-text__text\"><p class=\"font_8 wixui-rich-text__text\"><span class=\"wixui-rich-text__text\">Mour\u00f5es de concreto se\u00e7\u00e3o \u201cH\u201d 0,10m x 0,10m x 2,70m;<\/span><\/p><\/li><li class=\"wixui-rich-text__text\"><p class=\"font_8 wixui-rich-text__text\"><span class=\"wixui-rich-text__text\">Espa\u00e7amento entre mour\u00f5es de 1,60m;<\/span><\/p><\/li><li class=\"wixui-rich-text__text\"><p class=\"font_8 wixui-rich-text__text\"><span class=\"wixui-rich-text__text\">Os mour\u00f5es s\u00e3o fixados 0,70m no solo;<\/span><\/p><\/li><li class=\"wixui-rich-text__text\"><p class=\"font_8 wixui-rich-text__text\"><span class=\"wixui-rich-text__text\">Depois da montagem do muro as placas ser\u00e3o rejuntadas junto aos mour\u00f5es com argamassa de cimento e areia.<\/span><\/p><\/li><\/ul>\t\t\t\t\t\t\t\t<\/div>\n\t\t\t\t<\/div>\n\t\t\t\t<\/div>\n\t\t<div class=\"elementor-element elementor-element-4a7b876 e-con-full e-flex e-con e-child\" data-id=\"4a7b876\" data-element_type=\"container\">\n\t\t\t\t<div class=\"elementor-element elementor-element-4ece8fb elementor-widget elementor-widget-image\" data-id=\"4ece8fb\" data-element_type=\"widget\" data-widget_type=\"image.default\">\n\t\t\t\t<div class=\"elementor-widget-container\">\n\t\t\t\t\t\t\t\t\t\t\t\t\t\t\t<img decoding=\"async\" width=\"800\" height=\"760\" src=\"https:\/\/goldplanengenharia.com.br\/wp-content\/uploads\/2024\/04\/Imagem-do-WhatsApp-de-2024-04-14-as-09.47.23_a6bcddf3-1.jpg\" class=\"attachment-large size-large wp-image-499\" alt=\"\" srcset=\"https:\/\/goldplanengenharia.com.br\/wp-content\/uploads\/2024\/04\/Imagem-do-WhatsApp-de-2024-04-14-as-09.47.23_a6bcddf3-1.jpg 850w, https:\/\/goldplanengenharia.com.br\/wp-content\/uploads\/2024\/04\/Imagem-do-WhatsApp-de-2024-04-14-as-09.47.23_a6bcddf3-1-300x285.jpg 300w, https:\/\/goldplanengenharia.com.br\/wp-content\/uploads\/2024\/04\/Imagem-do-WhatsApp-de-2024-04-14-as-09.47.23_a6bcddf3-1-768x730.jpg 768w\" sizes=\"(max-width: 800px) 100vw, 800px\" \/>\t\t\t\t\t\t\t\t\t\t\t\t\t\t\t<\/div>\n\t\t\t\t<\/div>\n\t\t\t\t<div class=\"elementor-element elementor-element-1864443 elementor-widget elementor-widget-heading\" data-id=\"1864443\" data-element_type=\"widget\" data-widget_type=\"heading.default\">\n\t\t\t\t<div class=\"elementor-widget-container\">\n\t\t\t\t\t<h1 class=\"elementor-heading-title elementor-size-default\">Muro Pr\u00e9 fabricado 2,20M de altura com moldura<\/h1>\t\t\t\t<\/div>\n\t\t\t\t<\/div>\n\t\t\t\t<div class=\"elementor-element elementor-element-8beba3b elementor-widget elementor-widget-text-editor\" data-id=\"8beba3b\" data-element_type=\"widget\" data-widget_type=\"text-editor.default\">\n\t\t\t\t<div class=\"elementor-widget-container\">\n\t\t\t\t\t\t\t\t\t<p class=\"font_8 wixui-rich-text__text\"><span class=\"wixui-rich-text__text\">Especifica\u00e7\u00f5es:<\/span><\/p><ul class=\"font_8 wixui-rich-text__text\"><li class=\"wixui-rich-text__text\"><p class=\"font_8 wixui-rich-text__text\"><span class=\"wixui-rich-text__text\">Altura de 2,20m;<\/span><\/p><\/li><li class=\"wixui-rich-text__text\"><p class=\"font_8 wixui-rich-text__text\"><span class=\"wixui-rich-text__text\">Placas de concreto 0,55m x 1,60m x 0,03m, com \u00a0e 2 barras de ferros 4.2 mm na horizontal;<\/span><\/p><\/li><li class=\"wixui-rich-text__text\"><p class=\"font_8 wixui-rich-text__text\"><span class=\"wixui-rich-text__text\">Mour\u00f5es de concreto se\u00e7\u00e3o \u201cH\u201d 0,10m x 0,10m x 3,00m;<\/span><\/p><\/li><li class=\"wixui-rich-text__text\"><p class=\"font_8 wixui-rich-text__text\"><span class=\"wixui-rich-text__text\">Espa\u00e7amento entre mour\u00f5es de 1,60m;<\/span><\/p><\/li><li class=\"wixui-rich-text__text\"><p class=\"font_8 wixui-rich-text__text\"><span class=\"wixui-rich-text__text\">Os mour\u00f5es s\u00e3o fixados 0,70m no solo;<\/span><\/p><\/li><li class=\"wixui-rich-text__text\"><p class=\"font_8 wixui-rich-text__text\"><span class=\"wixui-rich-text__text\">Depois da montagem do muro as placas ser\u00e3o rejuntadas junto aos mour\u00f5es com argamassa de cimento e areia.<\/span><\/p><\/li><li class=\"wixui-rich-text__text\"><p class=\"font_8 wixui-rich-text__text\"><span class=\"wixui-rich-text__text\">Acabamento feito pelo cliente.<\/span><\/p><\/li><\/ul>\t\t\t\t\t\t\t\t<\/div>\n\t\t\t\t<\/div>\n\t\t\t\t<\/div>\n\t\t\t\t\t<\/div>\n\t\t\t\t<\/div>\n\t\t<div class=\"elementor-element elementor-element-7929e0d e-flex e-con-boxed e-con e-parent\" data-id=\"7929e0d\" data-element_type=\"container\">\n\t\t\t\t\t<div class=\"e-con-inner\">\n\t\t\t\t<div class=\"elementor-element elementor-element-b4edfde elementor-widget elementor-widget-heading\" data-id=\"b4edfde\" data-element_type=\"widget\" data-widget_type=\"heading.default\">\n\t\t\t\t<div class=\"elementor-widget-container\">\n\t\t\t\t\t<h1 class=\"elementor-heading-title elementor-size-default\">Muro de Pr\u00e9-moldado<\/h1>\t\t\t\t<\/div>\n\t\t\t\t<\/div>\n\t\t\t\t<div class=\"elementor-element elementor-element-04e7d7a elementor-widget elementor-widget-heading\" data-id=\"04e7d7a\" data-element_type=\"widget\" data-widget_type=\"heading.default\">\n\t\t\t\t<div class=\"elementor-widget-container\">\n\t\t\t\t\t<p class=\"elementor-heading-title elementor-size-default\">casas e muros em pr\u00e9-moldados em Bras\u00edlia e Entorno<\/p>\t\t\t\t<\/div>\n\t\t\t\t<\/div>\n\t\t\t\t<div class=\"elementor-element elementor-element-4479f40 elementor-arrows-position-inside elementor-pagination-position-outside elementor-widget elementor-widget-image-carousel\" data-id=\"4479f40\" data-element_type=\"widget\" data-settings=\"{&quot;slides_to_show&quot;:&quot;6&quot;,&quot;navigation&quot;:&quot;both&quot;,&quot;autoplay&quot;:&quot;yes&quot;,&quot;pause_on_hover&quot;:&quot;yes&quot;,&quot;pause_on_interaction&quot;:&quot;yes&quot;,&quot;autoplay_speed&quot;:5000,&quot;infinite&quot;:&quot;yes&quot;,&quot;speed&quot;:500}\" data-widget_type=\"image-carousel.default\">\n\t\t\t\t<div class=\"elementor-widget-container\">\n\t\t\t\t\t\t\t<div class=\"elementor-image-carousel-wrapper swiper\" role=\"region\" aria-roledescription=\"carousel\" aria-label=\"Carrossel de imagens\" dir=\"ltr\">\n\t\t\t<div class=\"elementor-image-carousel swiper-wrapper\" aria-live=\"off\">\n\t\t\t\t\t\t\t\t<div class=\"swiper-slide\" role=\"group\" aria-roledescription=\"slide\" aria-label=\"1 de 5\"><a data-elementor-open-lightbox=\"yes\" data-elementor-lightbox-slideshow=\"4479f40\" data-elementor-lightbox-title=\"Imagem do WhatsApp de 2024-04-14 \u00e0(s) 09.47.29_44d89e84\" data-e-action-hash=\"#elementor-action%3Aaction%3Dlightbox%26settings%3DeyJpZCI6NTE0LCJ1cmwiOiJodHRwczpcL1wvZ29sZHBsYW5lbmdlbmhhcmlhLmNvbS5iclwvd3AtY29udGVudFwvdXBsb2Fkc1wvMjAyNFwvMDRcL0ltYWdlbS1kby1XaGF0c0FwcC1kZS0yMDI0LTA0LTE0LWFzLTA5LjQ3LjI5XzQ0ZDg5ZTg0LmpwZyIsInNsaWRlc2hvdyI6IjQ0NzlmNDAifQ%3D%3D\" href=\"https:\/\/goldplanengenharia.com.br\/wp-content\/uploads\/2024\/04\/Imagem-do-WhatsApp-de-2024-04-14-as-09.47.29_44d89e84.jpg\"><figure class=\"swiper-slide-inner\"><img decoding=\"async\" class=\"swiper-slide-image\" src=\"https:\/\/goldplanengenharia.com.br\/wp-content\/uploads\/2024\/04\/Imagem-do-WhatsApp-de-2024-04-14-as-09.47.29_44d89e84-150x150.jpg\" alt=\"Imagem do WhatsApp de 2024-04-14 \u00e0(s) 09.47.29_44d89e84\" \/><\/figure><\/a><\/div><div class=\"swiper-slide\" role=\"group\" aria-roledescription=\"slide\" aria-label=\"2 de 5\"><a data-elementor-open-lightbox=\"yes\" data-elementor-lightbox-slideshow=\"4479f40\" data-elementor-lightbox-title=\"Imagem do WhatsApp de 2024-04-14 \u00e0(s) 09.47.30_53911701\" data-e-action-hash=\"#elementor-action%3Aaction%3Dlightbox%26settings%3DeyJpZCI6NTE1LCJ1cmwiOiJodHRwczpcL1wvZ29sZHBsYW5lbmdlbmhhcmlhLmNvbS5iclwvd3AtY29udGVudFwvdXBsb2Fkc1wvMjAyNFwvMDRcL0ltYWdlbS1kby1XaGF0c0FwcC1kZS0yMDI0LTA0LTE0LWFzLTA5LjQ3LjMwXzUzOTExNzAxLmpwZyIsInNsaWRlc2hvdyI6IjQ0NzlmNDAifQ%3D%3D\" href=\"https:\/\/goldplanengenharia.com.br\/wp-content\/uploads\/2024\/04\/Imagem-do-WhatsApp-de-2024-04-14-as-09.47.30_53911701.jpg\"><figure class=\"swiper-slide-inner\"><img decoding=\"async\" class=\"swiper-slide-image\" src=\"https:\/\/goldplanengenharia.com.br\/wp-content\/uploads\/2024\/04\/Imagem-do-WhatsApp-de-2024-04-14-as-09.47.30_53911701-150x150.jpg\" alt=\"Imagem do WhatsApp de 2024-04-14 \u00e0(s) 09.47.30_53911701\" \/><\/figure><\/a><\/div><div class=\"swiper-slide\" role=\"group\" aria-roledescription=\"slide\" aria-label=\"3 de 5\"><a data-elementor-open-lightbox=\"yes\" data-elementor-lightbox-slideshow=\"4479f40\" data-elementor-lightbox-title=\"Imagem do WhatsApp de 2024-04-14 \u00e0(s) 09.47.36_b2785304\" data-e-action-hash=\"#elementor-action%3Aaction%3Dlightbox%26settings%3DeyJpZCI6NTE2LCJ1cmwiOiJodHRwczpcL1wvZ29sZHBsYW5lbmdlbmhhcmlhLmNvbS5iclwvd3AtY29udGVudFwvdXBsb2Fkc1wvMjAyNFwvMDRcL0ltYWdlbS1kby1XaGF0c0FwcC1kZS0yMDI0LTA0LTE0LWFzLTA5LjQ3LjM2X2IyNzg1MzA0LmpwZyIsInNsaWRlc2hvdyI6IjQ0NzlmNDAifQ%3D%3D\" href=\"https:\/\/goldplanengenharia.com.br\/wp-content\/uploads\/2024\/04\/Imagem-do-WhatsApp-de-2024-04-14-as-09.47.36_b2785304.jpg\"><figure class=\"swiper-slide-inner\"><img decoding=\"async\" class=\"swiper-slide-image\" src=\"https:\/\/goldplanengenharia.com.br\/wp-content\/uploads\/2024\/04\/Imagem-do-WhatsApp-de-2024-04-14-as-09.47.36_b2785304-150x150.jpg\" alt=\"Imagem do WhatsApp de 2024-04-14 \u00e0(s) 09.47.36_b2785304\" \/><\/figure><\/a><\/div><div class=\"swiper-slide\" role=\"group\" aria-roledescription=\"slide\" aria-label=\"4 de 5\"><a data-elementor-open-lightbox=\"yes\" data-elementor-lightbox-slideshow=\"4479f40\" data-elementor-lightbox-title=\"Imagem do WhatsApp de 2024-04-14 \u00e0(s) 09.50.30_d58bc3cb\" data-e-action-hash=\"#elementor-action%3Aaction%3Dlightbox%26settings%3DeyJpZCI6NTE4LCJ1cmwiOiJodHRwczpcL1wvZ29sZHBsYW5lbmdlbmhhcmlhLmNvbS5iclwvd3AtY29udGVudFwvdXBsb2Fkc1wvMjAyNFwvMDRcL0ltYWdlbS1kby1XaGF0c0FwcC1kZS0yMDI0LTA0LTE0LWFzLTA5LjUwLjMwX2Q1OGJjM2NiLmpwZyIsInNsaWRlc2hvdyI6IjQ0NzlmNDAifQ%3D%3D\" href=\"https:\/\/goldplanengenharia.com.br\/wp-content\/uploads\/2024\/04\/Imagem-do-WhatsApp-de-2024-04-14-as-09.50.30_d58bc3cb.jpg\"><figure class=\"swiper-slide-inner\"><img decoding=\"async\" class=\"swiper-slide-image\" src=\"https:\/\/goldplanengenharia.com.br\/wp-content\/uploads\/2024\/04\/Imagem-do-WhatsApp-de-2024-04-14-as-09.50.30_d58bc3cb-150x150.jpg\" alt=\"Imagem do WhatsApp de 2024-04-14 \u00e0(s) 09.50.30_d58bc3cb\" \/><\/figure><\/a><\/div><div class=\"swiper-slide\" role=\"group\" aria-roledescription=\"slide\" aria-label=\"5 de 5\"><a data-elementor-open-lightbox=\"yes\" data-elementor-lightbox-slideshow=\"4479f40\" data-elementor-lightbox-title=\"Imagem do WhatsApp de 2024-04-14 \u00e0(s) 09.47.30_6692a111\" data-e-action-hash=\"#elementor-action%3Aaction%3Dlightbox%26settings%3DeyJpZCI6NTIwLCJ1cmwiOiJodHRwczpcL1wvZ29sZHBsYW5lbmdlbmhhcmlhLmNvbS5iclwvd3AtY29udGVudFwvdXBsb2Fkc1wvMjAyNFwvMDRcL0ltYWdlbS1kby1XaGF0c0FwcC1kZS0yMDI0LTA0LTE0LWFzLTA5LjQ3LjMwXzY2OTJhMTExLmpwZyIsInNsaWRlc2hvdyI6IjQ0NzlmNDAifQ%3D%3D\" href=\"https:\/\/goldplanengenharia.com.br\/wp-content\/uploads\/2024\/04\/Imagem-do-WhatsApp-de-2024-04-14-as-09.47.30_6692a111.jpg\"><figure class=\"swiper-slide-inner\"><img decoding=\"async\" class=\"swiper-slide-image\" src=\"https:\/\/goldplanengenharia.com.br\/wp-content\/uploads\/2024\/04\/Imagem-do-WhatsApp-de-2024-04-14-as-09.47.30_6692a111-150x150.jpg\" alt=\"Imagem do WhatsApp de 2024-04-14 \u00e0(s) 09.47.30_6692a111\" \/><\/figure><\/a><\/div>\t\t\t<\/div>\n\t\t\t\t\t\t\t\t\t\t\t\t<div class=\"elementor-swiper-button elementor-swiper-button-prev\" role=\"button\" tabindex=\"0\">\n\t\t\t\t\t\t<svg aria-hidden=\"true\" class=\"e-font-icon-svg e-eicon-chevron-left\" viewBox=\"0 0 1000 1000\" xmlns=\"http:\/\/www.w3.org\/2000\/svg\"><path d=\"M646 125C629 125 613 133 604 142L308 442C296 454 292 471 292 487 292 504 296 521 308 533L604 854C617 867 629 875 646 875 663 875 679 871 692 858 704 846 713 829 713 812 713 796 708 779 692 767L438 487 692 225C700 217 708 204 708 187 708 171 704 154 692 142 675 129 663 125 646 125Z\"><\/path><\/svg>\t\t\t\t\t<\/div>\n\t\t\t\t\t<div class=\"elementor-swiper-button elementor-swiper-button-next\" role=\"button\" tabindex=\"0\">\n\t\t\t\t\t\t<svg aria-hidden=\"true\" class=\"e-font-icon-svg e-eicon-chevron-right\" viewBox=\"0 0 1000 1000\" xmlns=\"http:\/\/www.w3.org\/2000\/svg\"><path d=\"M696 533C708 521 713 504 713 487 713 471 708 454 696 446L400 146C388 133 375 125 354 125 338 125 325 129 313 142 300 154 292 171 292 187 292 204 296 221 308 233L563 492 304 771C292 783 288 800 288 817 288 833 296 850 308 863 321 871 338 875 354 875 371 875 388 867 400 854L696 533Z\"><\/path><\/svg>\t\t\t\t\t<\/div>\n\t\t\t\t\n\t\t\t\t\t\t\t\t\t<div class=\"swiper-pagination\"><\/div>\n\t\t\t\t\t\t\t\t\t<\/div>\n\t\t\t\t\t\t<\/div>\n\t\t\t\t<\/div>\n\t\t\t\t\t<\/div>\n\t\t\t\t<\/div>\n\t\t\t\t<\/div>\n\t\t","protected":false},"excerpt":{"rendered":"<p>MURO HOME &gt; PRODUTOS &gt; MURO PRODUTOS &#8211; MURO casas e muros em pr\u00e9-moldados em Bras\u00edlia e Entorno Vantagens do Muro de Pr\u00e9-moldado Imagine construir seu muro de forma r\u00e1pida, sem comprometer a qualidade e ainda economizando dinheiro no processo. Os muros constru\u00eddos com essa abordagem s\u00e3o incrivelmente resistentes e oferecem uma variedade de estilos [&hellip;]<\/p>\n","protected":false},"author":1,"featured_media":0,"parent":0,"menu_order":0,"comment_status":"closed","ping_status":"closed","template":"","meta":{"footnotes":""},"class_list":["post-472","page","type-page","status-publish","hentry"],"_links":{"self":[{"href":"https:\/\/goldplanengenharia.com.br\/index.php\/wp-json\/wp\/v2\/pages\/472","targetHints":{"allow":["GET"]}}],"collection":[{"href":"https:\/\/goldplanengenharia.com.br\/index.php\/wp-json\/wp\/v2\/pages"}],"about":[{"href":"https:\/\/goldplanengenharia.com.br\/index.php\/wp-json\/wp\/v2\/types\/page"}],"author":[{"embeddable":true,"href":"https:\/\/goldplanengenharia.com.br\/index.php\/wp-json\/wp\/v2\/users\/1"}],"replies":[{"embeddable":true,"href":"https:\/\/goldplanengenharia.com.br\/index.php\/wp-json\/wp\/v2\/comments?post=472"}],"version-history":[{"count":46,"href":"https:\/\/goldplanengenharia.com.br\/index.php\/wp-json\/wp\/v2\/pages\/472\/revisions"}],"predecessor-version":[{"id":868,"href":"https:\/\/goldplanengenharia.com.br\/index.php\/wp-json\/wp\/v2\/pages\/472\/revisions\/868"}],"wp:attachment":[{"href":"https:\/\/goldplanengenharia.com.br\/index.php\/wp-json\/wp\/v2\/media?parent=472"}],"curies":[{"name":"wp","href":"https:\/\/api.w.org\/{rel}","templated":true}]}}