{"id":530,"date":"2024-04-14T19:38:00","date_gmt":"2024-04-14T22:38:00","guid":{"rendered":"https:\/\/elmocamoes.com.br\/?page_id=530"},"modified":"2025-01-09T12:56:18","modified_gmt":"2025-01-09T15:56:18","slug":"manilhas","status":"publish","type":"page","link":"https:\/\/goldplanengenharia.com.br\/index.php\/manilhas\/","title":{"rendered":"Manilhas"},"content":{"rendered":"\t\t<div data-elementor-type=\"wp-page\" data-elementor-id=\"530\" class=\"elementor elementor-530\" data-elementor-post-type=\"page\">\n\t\t\t\t<div class=\"elementor-element elementor-element-344c2d5 e-flex e-con-boxed e-con e-parent\" data-id=\"344c2d5\" data-element_type=\"container\" data-settings=\"{&quot;background_background&quot;:&quot;classic&quot;}\">\n\t\t\t\t\t<div class=\"e-con-inner\">\n\t\t\t\t<div class=\"elementor-element elementor-element-a3790db elementor-widget elementor-widget-heading\" data-id=\"a3790db\" data-element_type=\"widget\" data-widget_type=\"heading.default\">\n\t\t\t\t<div class=\"elementor-widget-container\">\n\t\t\t\t\t<h2 class=\"elementor-heading-title elementor-size-default\">MANILHAS<\/h2>\t\t\t\t<\/div>\n\t\t\t\t<\/div>\n\t\t\t\t<div class=\"elementor-element elementor-element-c31964a elementor-widget elementor-widget-text-editor\" data-id=\"c31964a\" data-element_type=\"widget\" data-widget_type=\"text-editor.default\">\n\t\t\t\t<div class=\"elementor-widget-container\">\n\t\t\t\t\t\t\t\t\t<p>HOME &gt; PRODUTOS &gt; MANILHAS<\/p>\t\t\t\t\t\t\t\t<\/div>\n\t\t\t\t<\/div>\n\t\t\t\t\t<\/div>\n\t\t\t\t<\/div>\n\t\t<div class=\"elementor-element elementor-element-cdbdcc8 e-flex e-con-boxed e-con e-parent\" data-id=\"cdbdcc8\" data-element_type=\"container\" data-settings=\"{&quot;background_background&quot;:&quot;classic&quot;}\">\n\t\t\t\t\t<div class=\"e-con-inner\">\n\t\t<div class=\"elementor-element elementor-element-f052805 e-flex e-con-boxed e-con e-child\" data-id=\"f052805\" data-element_type=\"container\">\n\t\t\t\t\t<div class=\"e-con-inner\">\n\t\t\t\t<div class=\"elementor-element elementor-element-81f22b7 elementor-widget elementor-widget-heading\" data-id=\"81f22b7\" data-element_type=\"widget\" data-widget_type=\"heading.default\">\n\t\t\t\t<div class=\"elementor-widget-container\">\n\t\t\t\t\t<h1 class=\"elementor-heading-title elementor-size-default\">PRODUTOS - MANILHAS<\/h1>\t\t\t\t<\/div>\n\t\t\t\t<\/div>\n\t\t\t\t<div class=\"elementor-element elementor-element-cc9c897 elementor-widget elementor-widget-heading\" data-id=\"cc9c897\" data-element_type=\"widget\" data-widget_type=\"heading.default\">\n\t\t\t\t<div class=\"elementor-widget-container\">\n\t\t\t\t\t<p class=\"elementor-heading-title elementor-size-default\">casas e muros em pr\u00e9-moldados em Bras\u00edlia e Entorno<\/p>\t\t\t\t<\/div>\n\t\t\t\t<\/div>\n\t\t\t\t\t<\/div>\n\t\t\t\t<\/div>\n\t\t\t\t\t<\/div>\n\t\t\t\t<\/div>\n\t\t<div class=\"elementor-element elementor-element-0f80f26 e-flex e-con-boxed e-con e-parent\" data-id=\"0f80f26\" data-element_type=\"container\">\n\t\t\t\t\t<div class=\"e-con-inner\">\n\t\t<div class=\"elementor-element elementor-element-0e864db e-con-full e-flex e-con e-child\" data-id=\"0e864db\" data-element_type=\"container\">\n\t\t\t\t<div class=\"elementor-element elementor-element-f81581f elementor-widget__width-initial elementor-widget elementor-widget-image\" data-id=\"f81581f\" data-element_type=\"widget\" data-widget_type=\"image.default\">\n\t\t\t\t<div class=\"elementor-widget-container\">\n\t\t\t\t\t\t\t\t\t\t\t\t\t\t\t<img fetchpriority=\"high\" decoding=\"async\" width=\"569\" height=\"451\" src=\"https:\/\/goldplanengenharia.com.br\/wp-content\/uploads\/2024\/04\/I9premoldado-produtos-manilhas.png\" class=\"attachment-full size-full wp-image-539\" alt=\"\" srcset=\"https:\/\/goldplanengenharia.com.br\/wp-content\/uploads\/2024\/04\/I9premoldado-produtos-manilhas.png 569w, https:\/\/goldplanengenharia.com.br\/wp-content\/uploads\/2024\/04\/I9premoldado-produtos-manilhas-300x238.png 300w\" sizes=\"(max-width: 569px) 100vw, 569px\" \/>\t\t\t\t\t\t\t\t\t\t\t\t\t\t\t<\/div>\n\t\t\t\t<\/div>\n\t\t\t\t<\/div>\n\t\t<div class=\"elementor-element elementor-element-1abd1fd e-con-full e-flex e-con e-child\" data-id=\"1abd1fd\" data-element_type=\"container\">\n\t\t\t\t<div class=\"elementor-element elementor-element-93eac4e elementor-widget elementor-widget-heading\" data-id=\"93eac4e\" data-element_type=\"widget\" data-widget_type=\"heading.default\">\n\t\t\t\t<div class=\"elementor-widget-container\">\n\t\t\t\t\t<h1 class=\"elementor-heading-title elementor-size-default\">Vantagens do Muro de Pr\u00e9-moldado<\/h1>\t\t\t\t<\/div>\n\t\t\t\t<\/div>\n\t\t\t\t<div class=\"elementor-element elementor-element-1eaae92 elementor-widget elementor-widget-text-editor\" data-id=\"1eaae92\" data-element_type=\"widget\" data-widget_type=\"text-editor.default\">\n\t\t\t\t<div class=\"elementor-widget-container\">\n\t\t\t\t\t\t\t\t\t<p>As pe\u00e7as circulares pr\u00e9-moldadas de concreto representam uma inova\u00e7\u00e3o essencial no setor de saneamento, oferecendo solu\u00e7\u00f5es vers\u00e1teis e eficazes para uma variedade de necessidades, desde po\u00e7os de \u00e1gua at\u00e9 fossas s\u00e9pticas.<\/p><p>Para po\u00e7os de \u00e1gua e cisternas, essas pe\u00e7as desempenham um papel fundamental no revestimento da parede interna, proporcionando uma camada de prote\u00e7\u00e3o que evita eros\u00f5es e outros imprevistos que poderiam comprometer a qualidade da \u00e1gua armazenada. Com esse revestimento seguro, os usu\u00e1rios podem desfrutar da tranquilidade de consumir \u00e1gua limpa e segura de fontes confi\u00e1veis.<\/p><p>Gra\u00e7as \u00e0 sua versatilidade e durabilidade, as pe\u00e7as circulares pr\u00e9-moldadas de concreto s\u00e3o uma escolha ideal para uma variedade de aplica\u00e7\u00f5es no campo do saneamento. Venha conhecer a nossa linha de manilha.\u00a0<\/p>\t\t\t\t\t\t\t\t<\/div>\n\t\t\t\t<\/div>\n\t\t\t\t<\/div>\n\t\t\t\t\t<\/div>\n\t\t\t\t<\/div>\n\t\t<div class=\"elementor-element elementor-element-3d25dde e-flex e-con-boxed e-con e-parent\" data-id=\"3d25dde\" data-element_type=\"container\" data-settings=\"{&quot;background_background&quot;:&quot;classic&quot;}\">\n\t\t\t\t\t<div class=\"e-con-inner\">\n\t\t<div class=\"elementor-element elementor-element-a284784 e-con-full e-flex e-con e-child\" data-id=\"a284784\" data-element_type=\"container\">\n\t\t\t\t<div class=\"elementor-element elementor-element-6f8101e elementor-widget elementor-widget-heading\" data-id=\"6f8101e\" data-element_type=\"widget\" data-widget_type=\"heading.default\">\n\t\t\t\t<div class=\"elementor-widget-container\">\n\t\t\t\t\t<h1 class=\"elementor-heading-title elementor-size-default\">Muro de Pr\u00e9-moldado<\/h1>\t\t\t\t<\/div>\n\t\t\t\t<\/div>\n\t\t\t\t<div class=\"elementor-element elementor-element-9eadbca elementor-widget elementor-widget-heading\" data-id=\"9eadbca\" data-element_type=\"widget\" data-widget_type=\"heading.default\">\n\t\t\t\t<div class=\"elementor-widget-container\">\n\t\t\t\t\t<p class=\"elementor-heading-title elementor-size-default\">comprometem-se em projetar, desenvolver e comercializar<\/p>\t\t\t\t<\/div>\n\t\t\t\t<\/div>\n\t\t\t\t<\/div>\n\t\t<div class=\"elementor-element elementor-element-0aac87f e-con-full e-flex e-con e-child\" data-id=\"0aac87f\" data-element_type=\"container\">\n\t\t\t\t<div class=\"elementor-element elementor-element-5f9d597 elementor-widget elementor-widget-image\" data-id=\"5f9d597\" data-element_type=\"widget\" data-widget_type=\"image.default\">\n\t\t\t\t<div class=\"elementor-widget-container\">\n\t\t\t\t\t\t\t\t\t\t\t\t\t\t\t<img decoding=\"async\" width=\"800\" height=\"600\" src=\"https:\/\/goldplanengenharia.com.br\/wp-content\/uploads\/2024\/04\/manilha_004.webp\" class=\"attachment-large size-large wp-image-559\" alt=\"\" srcset=\"https:\/\/goldplanengenharia.com.br\/wp-content\/uploads\/2024\/04\/manilha_004.webp 800w, https:\/\/goldplanengenharia.com.br\/wp-content\/uploads\/2024\/04\/manilha_004-300x225.webp 300w, https:\/\/goldplanengenharia.com.br\/wp-content\/uploads\/2024\/04\/manilha_004-768x576.webp 768w\" sizes=\"(max-width: 800px) 100vw, 800px\" \/>\t\t\t\t\t\t\t\t\t\t\t\t\t\t\t<\/div>\n\t\t\t\t<\/div>\n\t\t\t\t<\/div>\n\t\t<div class=\"elementor-element elementor-element-879bf0e e-con-full e-flex e-con e-child\" data-id=\"879bf0e\" data-element_type=\"container\">\n\t\t\t\t<div class=\"elementor-element elementor-element-2e22e38 elementor-widget elementor-widget-heading\" data-id=\"2e22e38\" data-element_type=\"widget\" data-widget_type=\"heading.default\">\n\t\t\t\t<div class=\"elementor-widget-container\">\n\t\t\t\t\t<h1 class=\"elementor-heading-title elementor-size-default\">Tamanhos das Tampas e Manilhas\n\n<\/h1>\t\t\t\t<\/div>\n\t\t\t\t<\/div>\n\t\t\t\t<div class=\"elementor-element elementor-element-4930801 elementor-widget elementor-widget-text-editor\" data-id=\"4930801\" data-element_type=\"widget\" data-widget_type=\"text-editor.default\">\n\t\t\t\t<div class=\"elementor-widget-container\">\n\t\t\t\t\t\t\t\t\t<p class=\"font_8 wixui-rich-text__text\"><span class=\"wixui-rich-text__text\">Especifica\u00e7\u00f5es (Tampas):<\/span><\/p><ul class=\"font_8 wixui-rich-text__text\"><li>0,90 X 0,50 X 0,05<\/li><li>1,00 X 0,50 X 0,05<\/li><\/ul>\t\t\t\t\t\t\t\t<\/div>\n\t\t\t\t<\/div>\n\t\t\t\t<div class=\"elementor-element elementor-element-e81a385 elementor-widget elementor-widget-text-editor\" data-id=\"e81a385\" data-element_type=\"widget\" data-widget_type=\"text-editor.default\">\n\t\t\t\t<div class=\"elementor-widget-container\">\n\t\t\t\t\t\t\t\t\t<p class=\"font_8 wixui-rich-text__text\"><span class=\"wixui-rich-text__text\">Especifica\u00e7\u00f5es (Manilhas):<\/span><\/p><ul class=\"font_8 wixui-rich-text__text\"><li>0,90 X 0,50 X 0,05<\/li><li>1,00 X 0,50 X 0,05<\/li><\/ul>\t\t\t\t\t\t\t\t<\/div>\n\t\t\t\t<\/div>\n\t\t\t\t<\/div>\n\t\t\t\t\t<\/div>\n\t\t\t\t<\/div>\n\t\t<div class=\"elementor-element elementor-element-9ae8ef0 e-flex e-con-boxed e-con e-parent\" data-id=\"9ae8ef0\" data-element_type=\"container\">\n\t\t\t\t\t<div class=\"e-con-inner\">\n\t\t\t\t<div class=\"elementor-element elementor-element-f97c361 elementor-widget elementor-widget-heading\" data-id=\"f97c361\" data-element_type=\"widget\" data-widget_type=\"heading.default\">\n\t\t\t\t<div class=\"elementor-widget-container\">\n\t\t\t\t\t<h1 class=\"elementor-heading-title elementor-size-default\">galeria de Manilhas<\/h1>\t\t\t\t<\/div>\n\t\t\t\t<\/div>\n\t\t\t\t<div class=\"elementor-element elementor-element-2b5e569 elementor-widget elementor-widget-heading\" data-id=\"2b5e569\" data-element_type=\"widget\" data-widget_type=\"heading.default\">\n\t\t\t\t<div class=\"elementor-widget-container\">\n\t\t\t\t\t<p class=\"elementor-heading-title elementor-size-default\">casas e muros em pr\u00e9-moldados em Bras\u00edlia e Entorno<\/p>\t\t\t\t<\/div>\n\t\t\t\t<\/div>\n\t\t\t\t<div class=\"elementor-element elementor-element-c4c2ba2 elementor-arrows-position-inside elementor-pagination-position-outside elementor-widget elementor-widget-image-carousel\" data-id=\"c4c2ba2\" data-element_type=\"widget\" data-settings=\"{&quot;slides_to_show&quot;:&quot;6&quot;,&quot;navigation&quot;:&quot;both&quot;,&quot;autoplay&quot;:&quot;yes&quot;,&quot;pause_on_hover&quot;:&quot;yes&quot;,&quot;pause_on_interaction&quot;:&quot;yes&quot;,&quot;autoplay_speed&quot;:5000,&quot;infinite&quot;:&quot;yes&quot;,&quot;speed&quot;:500}\" data-widget_type=\"image-carousel.default\">\n\t\t\t\t<div class=\"elementor-widget-container\">\n\t\t\t\t\t\t\t<div class=\"elementor-image-carousel-wrapper swiper\" role=\"region\" aria-roledescription=\"carousel\" aria-label=\"Carrossel de imagens\" dir=\"ltr\">\n\t\t\t<div class=\"elementor-image-carousel swiper-wrapper\" aria-live=\"off\">\n\t\t\t\t\t\t\t\t<div class=\"swiper-slide\" role=\"group\" aria-roledescription=\"slide\" aria-label=\"1 de 4\"><a data-elementor-open-lightbox=\"yes\" data-elementor-lightbox-slideshow=\"c4c2ba2\" data-elementor-lightbox-title=\"manilha_001\" data-e-action-hash=\"#elementor-action%3Aaction%3Dlightbox%26settings%3DeyJpZCI6NTU2LCJ1cmwiOiJodHRwczpcL1wvZ29sZHBsYW5lbmdlbmhhcmlhLmNvbS5iclwvd3AtY29udGVudFwvdXBsb2Fkc1wvMjAyNFwvMDRcL21hbmlsaGFfMDAxLndlYnAiLCJzbGlkZXNob3ciOiJjNGMyYmEyIn0%3D\" href=\"https:\/\/goldplanengenharia.com.br\/wp-content\/uploads\/2024\/04\/manilha_001.webp\"><figure class=\"swiper-slide-inner\"><img decoding=\"async\" class=\"swiper-slide-image\" src=\"https:\/\/goldplanengenharia.com.br\/wp-content\/uploads\/2024\/04\/manilha_001-150x150.webp\" alt=\"manilha_001\" \/><\/figure><\/a><\/div><div class=\"swiper-slide\" role=\"group\" aria-roledescription=\"slide\" aria-label=\"2 de 4\"><a data-elementor-open-lightbox=\"yes\" data-elementor-lightbox-slideshow=\"c4c2ba2\" data-elementor-lightbox-title=\"manilha_002\" data-e-action-hash=\"#elementor-action%3Aaction%3Dlightbox%26settings%3DeyJpZCI6NTU3LCJ1cmwiOiJodHRwczpcL1wvZ29sZHBsYW5lbmdlbmhhcmlhLmNvbS5iclwvd3AtY29udGVudFwvdXBsb2Fkc1wvMjAyNFwvMDRcL21hbmlsaGFfMDAyLndlYnAiLCJzbGlkZXNob3ciOiJjNGMyYmEyIn0%3D\" href=\"https:\/\/goldplanengenharia.com.br\/wp-content\/uploads\/2024\/04\/manilha_002.webp\"><figure class=\"swiper-slide-inner\"><img decoding=\"async\" class=\"swiper-slide-image\" src=\"https:\/\/goldplanengenharia.com.br\/wp-content\/uploads\/2024\/04\/manilha_002-150x150.webp\" alt=\"manilha_002\" \/><\/figure><\/a><\/div><div class=\"swiper-slide\" role=\"group\" aria-roledescription=\"slide\" aria-label=\"3 de 4\"><a data-elementor-open-lightbox=\"yes\" data-elementor-lightbox-slideshow=\"c4c2ba2\" data-elementor-lightbox-title=\"manilha_003\" data-e-action-hash=\"#elementor-action%3Aaction%3Dlightbox%26settings%3DeyJpZCI6NTU4LCJ1cmwiOiJodHRwczpcL1wvZ29sZHBsYW5lbmdlbmhhcmlhLmNvbS5iclwvd3AtY29udGVudFwvdXBsb2Fkc1wvMjAyNFwvMDRcL21hbmlsaGFfMDAzLndlYnAiLCJzbGlkZXNob3ciOiJjNGMyYmEyIn0%3D\" href=\"https:\/\/goldplanengenharia.com.br\/wp-content\/uploads\/2024\/04\/manilha_003.webp\"><figure class=\"swiper-slide-inner\"><img decoding=\"async\" class=\"swiper-slide-image\" src=\"https:\/\/goldplanengenharia.com.br\/wp-content\/uploads\/2024\/04\/manilha_003-150x150.webp\" alt=\"manilha_003\" \/><\/figure><\/a><\/div><div class=\"swiper-slide\" role=\"group\" aria-roledescription=\"slide\" aria-label=\"4 de 4\"><a data-elementor-open-lightbox=\"yes\" data-elementor-lightbox-slideshow=\"c4c2ba2\" data-elementor-lightbox-title=\"manilha_004\" data-e-action-hash=\"#elementor-action%3Aaction%3Dlightbox%26settings%3DeyJpZCI6NTU5LCJ1cmwiOiJodHRwczpcL1wvZ29sZHBsYW5lbmdlbmhhcmlhLmNvbS5iclwvd3AtY29udGVudFwvdXBsb2Fkc1wvMjAyNFwvMDRcL21hbmlsaGFfMDA0LndlYnAiLCJzbGlkZXNob3ciOiJjNGMyYmEyIn0%3D\" href=\"https:\/\/goldplanengenharia.com.br\/wp-content\/uploads\/2024\/04\/manilha_004.webp\"><figure class=\"swiper-slide-inner\"><img decoding=\"async\" class=\"swiper-slide-image\" src=\"https:\/\/goldplanengenharia.com.br\/wp-content\/uploads\/2024\/04\/manilha_004-150x150.webp\" alt=\"manilha_004\" \/><\/figure><\/a><\/div>\t\t\t<\/div>\n\t\t\t\t\t\t\t\t\t\t\t\t<div class=\"elementor-swiper-button elementor-swiper-button-prev\" role=\"button\" tabindex=\"0\">\n\t\t\t\t\t\t<svg aria-hidden=\"true\" class=\"e-font-icon-svg e-eicon-chevron-left\" viewBox=\"0 0 1000 1000\" xmlns=\"http:\/\/www.w3.org\/2000\/svg\"><path d=\"M646 125C629 125 613 133 604 142L308 442C296 454 292 471 292 487 292 504 296 521 308 533L604 854C617 867 629 875 646 875 663 875 679 871 692 858 704 846 713 829 713 812 713 796 708 779 692 767L438 487 692 225C700 217 708 204 708 187 708 171 704 154 692 142 675 129 663 125 646 125Z\"><\/path><\/svg>\t\t\t\t\t<\/div>\n\t\t\t\t\t<div class=\"elementor-swiper-button elementor-swiper-button-next\" role=\"button\" tabindex=\"0\">\n\t\t\t\t\t\t<svg aria-hidden=\"true\" class=\"e-font-icon-svg e-eicon-chevron-right\" viewBox=\"0 0 1000 1000\" xmlns=\"http:\/\/www.w3.org\/2000\/svg\"><path d=\"M696 533C708 521 713 504 713 487 713 471 708 454 696 446L400 146C388 133 375 125 354 125 338 125 325 129 313 142 300 154 292 171 292 187 292 204 296 221 308 233L563 492 304 771C292 783 288 800 288 817 288 833 296 850 308 863 321 871 338 875 354 875 371 875 388 867 400 854L696 533Z\"><\/path><\/svg>\t\t\t\t\t<\/div>\n\t\t\t\t\n\t\t\t\t\t\t\t\t\t<div class=\"swiper-pagination\"><\/div>\n\t\t\t\t\t\t\t\t\t<\/div>\n\t\t\t\t\t\t<\/div>\n\t\t\t\t<\/div>\n\t\t\t\t\t<\/div>\n\t\t\t\t<\/div>\n\t\t\t\t<\/div>\n\t\t","protected":false},"excerpt":{"rendered":"<p>MANILHAS HOME &gt; PRODUTOS &gt; MANILHAS PRODUTOS &#8211; MANILHAS casas e muros em pr\u00e9-moldados em Bras\u00edlia e Entorno Vantagens do Muro de Pr\u00e9-moldado As pe\u00e7as circulares pr\u00e9-moldadas de concreto representam uma inova\u00e7\u00e3o essencial no setor de saneamento, oferecendo solu\u00e7\u00f5es vers\u00e1teis e eficazes para uma variedade de necessidades, desde po\u00e7os de \u00e1gua at\u00e9 fossas s\u00e9pticas. Para [&hellip;]<\/p>\n","protected":false},"author":1,"featured_media":0,"parent":0,"menu_order":0,"comment_status":"closed","ping_status":"closed","template":"","meta":{"footnotes":""},"class_list":["post-530","page","type-page","status-publish","hentry"],"_links":{"self":[{"href":"https:\/\/goldplanengenharia.com.br\/index.php\/wp-json\/wp\/v2\/pages\/530","targetHints":{"allow":["GET"]}}],"collection":[{"href":"https:\/\/goldplanengenharia.com.br\/index.php\/wp-json\/wp\/v2\/pages"}],"about":[{"href":"https:\/\/goldplanengenharia.com.br\/index.php\/wp-json\/wp\/v2\/types\/page"}],"author":[{"embeddable":true,"href":"https:\/\/goldplanengenharia.com.br\/index.php\/wp-json\/wp\/v2\/users\/1"}],"replies":[{"embeddable":true,"href":"https:\/\/goldplanengenharia.com.br\/index.php\/wp-json\/wp\/v2\/comments?post=530"}],"version-history":[{"count":31,"href":"https:\/\/goldplanengenharia.com.br\/index.php\/wp-json\/wp\/v2\/pages\/530\/revisions"}],"predecessor-version":[{"id":1008,"href":"https:\/\/goldplanengenharia.com.br\/index.php\/wp-json\/wp\/v2\/pages\/530\/revisions\/1008"}],"wp:attachment":[{"href":"https:\/\/goldplanengenharia.com.br\/index.php\/wp-json\/wp\/v2\/media?parent=530"}],"curies":[{"name":"wp","href":"https:\/\/api.w.org\/{rel}","templated":true}]}}