{"id":592,"date":"2024-04-14T23:31:36","date_gmt":"2024-04-15T02:31:36","guid":{"rendered":"https:\/\/elmocamoes.com.br\/?page_id=592"},"modified":"2025-01-09T12:22:44","modified_gmt":"2025-01-09T15:22:44","slug":"poste-para-cerca","status":"publish","type":"page","link":"https:\/\/goldplanengenharia.com.br\/index.php\/poste-para-cerca\/","title":{"rendered":"Poste para cerca"},"content":{"rendered":"\t\t<div data-elementor-type=\"wp-page\" data-elementor-id=\"592\" class=\"elementor elementor-592\" data-elementor-post-type=\"page\">\n\t\t\t\t<div class=\"elementor-element elementor-element-981d5dd e-flex e-con-boxed e-con e-parent\" data-id=\"981d5dd\" data-element_type=\"container\" data-settings=\"{&quot;background_background&quot;:&quot;classic&quot;}\">\n\t\t\t\t\t<div class=\"e-con-inner\">\n\t\t\t\t<div class=\"elementor-element elementor-element-b2ff53b elementor-widget elementor-widget-heading\" data-id=\"b2ff53b\" data-element_type=\"widget\" data-widget_type=\"heading.default\">\n\t\t\t\t<div class=\"elementor-widget-container\">\n\t\t\t\t\t<h2 class=\"elementor-heading-title elementor-size-default\">POSTE PARA CERCA<\/h2>\t\t\t\t<\/div>\n\t\t\t\t<\/div>\n\t\t\t\t<div class=\"elementor-element elementor-element-da94d1e elementor-widget elementor-widget-text-editor\" data-id=\"da94d1e\" data-element_type=\"widget\" data-widget_type=\"text-editor.default\">\n\t\t\t\t<div class=\"elementor-widget-container\">\n\t\t\t\t\t\t\t\t\t<p>HOME &gt; PRODUTOS &gt; POSTE PARA CERCA<\/p>\t\t\t\t\t\t\t\t<\/div>\n\t\t\t\t<\/div>\n\t\t\t\t\t<\/div>\n\t\t\t\t<\/div>\n\t\t<div class=\"elementor-element elementor-element-9624f47 e-flex e-con-boxed e-con e-parent\" data-id=\"9624f47\" data-element_type=\"container\" data-settings=\"{&quot;background_background&quot;:&quot;classic&quot;}\">\n\t\t\t\t\t<div class=\"e-con-inner\">\n\t\t<div class=\"elementor-element elementor-element-3914f8c e-flex e-con-boxed e-con e-child\" data-id=\"3914f8c\" data-element_type=\"container\">\n\t\t\t\t\t<div class=\"e-con-inner\">\n\t\t\t\t<div class=\"elementor-element elementor-element-e546a09 elementor-widget elementor-widget-heading\" data-id=\"e546a09\" data-element_type=\"widget\" data-widget_type=\"heading.default\">\n\t\t\t\t<div class=\"elementor-widget-container\">\n\t\t\t\t\t<h1 class=\"elementor-heading-title elementor-size-default\">PRODUTOS - POSTE PARA CERCA<\/h1>\t\t\t\t<\/div>\n\t\t\t\t<\/div>\n\t\t\t\t<div class=\"elementor-element elementor-element-1a6e438 elementor-widget elementor-widget-heading\" data-id=\"1a6e438\" data-element_type=\"widget\" data-widget_type=\"heading.default\">\n\t\t\t\t<div class=\"elementor-widget-container\">\n\t\t\t\t\t<p class=\"elementor-heading-title elementor-size-default\">casas e muros em pr\u00e9-moldados em Bras\u00edlia e Entorno<\/p>\t\t\t\t<\/div>\n\t\t\t\t<\/div>\n\t\t\t\t\t<\/div>\n\t\t\t\t<\/div>\n\t\t\t\t\t<\/div>\n\t\t\t\t<\/div>\n\t\t<div class=\"elementor-element elementor-element-1f4a32f e-flex e-con-boxed e-con e-parent\" data-id=\"1f4a32f\" data-element_type=\"container\">\n\t\t\t\t\t<div class=\"e-con-inner\">\n\t\t<div class=\"elementor-element elementor-element-70e9863 e-con-full e-flex e-con e-child\" data-id=\"70e9863\" data-element_type=\"container\">\n\t\t\t\t<div class=\"elementor-element elementor-element-a827e58 elementor-widget__width-initial elementor-widget elementor-widget-image\" data-id=\"a827e58\" data-element_type=\"widget\" data-widget_type=\"image.default\">\n\t\t\t\t<div class=\"elementor-widget-container\">\n\t\t\t\t\t\t\t\t\t\t\t\t\t\t\t<img fetchpriority=\"high\" decoding=\"async\" width=\"569\" height=\"451\" src=\"https:\/\/goldplanengenharia.com.br\/wp-content\/uploads\/2024\/04\/I9premoldado-produtos-poste.png\" class=\"attachment-full size-full wp-image-607\" alt=\"\" srcset=\"https:\/\/goldplanengenharia.com.br\/wp-content\/uploads\/2024\/04\/I9premoldado-produtos-poste.png 569w, https:\/\/goldplanengenharia.com.br\/wp-content\/uploads\/2024\/04\/I9premoldado-produtos-poste-300x238.png 300w\" sizes=\"(max-width: 569px) 100vw, 569px\" \/>\t\t\t\t\t\t\t\t\t\t\t\t\t\t\t<\/div>\n\t\t\t\t<\/div>\n\t\t\t\t<\/div>\n\t\t<div class=\"elementor-element elementor-element-4d8bef2 e-con-full e-flex e-con e-child\" data-id=\"4d8bef2\" data-element_type=\"container\">\n\t\t\t\t<div class=\"elementor-element elementor-element-1741dbe elementor-widget elementor-widget-heading\" data-id=\"1741dbe\" data-element_type=\"widget\" data-widget_type=\"heading.default\">\n\t\t\t\t<div class=\"elementor-widget-container\">\n\t\t\t\t\t<h1 class=\"elementor-heading-title elementor-size-default\">Vantagens do Muro de Pr\u00e9-moldado<\/h1>\t\t\t\t<\/div>\n\t\t\t\t<\/div>\n\t\t\t\t<div class=\"elementor-element elementor-element-6adbca6 elementor-widget elementor-widget-text-editor\" data-id=\"6adbca6\" data-element_type=\"widget\" data-widget_type=\"text-editor.default\">\n\t\t\t\t<div class=\"elementor-widget-container\">\n\t\t\t\t\t\t\t\t\t<p>Os postes em premoldados est\u00e3o ganhando cada vez mais destaque como uma op\u00e7\u00e3o eficiente e econ\u00f4mica para uma variedade de aplica\u00e7\u00f5es estruturais. Desde cercas e alambrados at\u00e9 redes el\u00e9tricas e telef\u00f4nicas, esses postes pr\u00e9-fabricados oferecem uma s\u00e9rie de benef\u00edcios em termos de instala\u00e7\u00e3o, seguran\u00e7a e custo financeiro.<\/p><p>Uma das principais vantagens dos postes em premoldados \u00e9 a rapidez e simplicidade da instala\u00e7\u00e3o. Ao contr\u00e1rio dos postes tradicionais, que muitas vezes requerem escava\u00e7\u00e3o e concretagem no local, os postes pr\u00e9-fabricados podem ser facilmente transportados e instalados em quest\u00e3o de horas.<\/p><p>Um dos maiores atrativos dos postes em premoldados \u00e9 seu custo financeiro acess\u00edvel. Devido ao processo de fabrica\u00e7\u00e3o em massa e \u00e0 efici\u00eancia do transporte e instala\u00e7\u00e3o, esses postes geralmente t\u00eam um pre\u00e7o mais baixo do que os postes tradicionais de concreto fundido in loco.<\/p><p>Com sua instala\u00e7\u00e3o r\u00e1pida, durabilidade garantida e custo financeiro acess\u00edvel, esses postes oferecem uma solu\u00e7\u00e3o vers\u00e1til e eficiente para uma variedade de necessidades estruturais na ind\u00fastria da constru\u00e7\u00e3o.<\/p>\t\t\t\t\t\t\t\t<\/div>\n\t\t\t\t<\/div>\n\t\t\t\t<\/div>\n\t\t\t\t\t<\/div>\n\t\t\t\t<\/div>\n\t\t<div class=\"elementor-element elementor-element-60339d5 e-flex e-con-boxed e-con e-parent\" data-id=\"60339d5\" data-element_type=\"container\" data-settings=\"{&quot;background_background&quot;:&quot;classic&quot;}\">\n\t\t\t\t\t<div class=\"e-con-inner\">\n\t\t<div class=\"elementor-element elementor-element-543c61d e-con-full e-flex e-con e-child\" data-id=\"543c61d\" data-element_type=\"container\">\n\t\t\t\t<div class=\"elementor-element elementor-element-ca5267f elementor-widget elementor-widget-heading\" data-id=\"ca5267f\" data-element_type=\"widget\" data-widget_type=\"heading.default\">\n\t\t\t\t<div class=\"elementor-widget-container\">\n\t\t\t\t\t<h1 class=\"elementor-heading-title elementor-size-default\">Medidas dos postes premoldados<\/h1>\t\t\t\t<\/div>\n\t\t\t\t<\/div>\n\t\t\t\t<div class=\"elementor-element elementor-element-611ed1f elementor-widget elementor-widget-heading\" data-id=\"611ed1f\" data-element_type=\"widget\" data-widget_type=\"heading.default\">\n\t\t\t\t<div class=\"elementor-widget-container\">\n\t\t\t\t\t<p class=\"elementor-heading-title elementor-size-default\">comprometem-se em projetar, desenvolver e comercializar<\/p>\t\t\t\t<\/div>\n\t\t\t\t<\/div>\n\t\t\t\t<\/div>\n\t\t<div class=\"elementor-element elementor-element-3b140f2 e-con-full e-flex e-con e-child\" data-id=\"3b140f2\" data-element_type=\"container\">\n\t\t\t\t<div class=\"elementor-element elementor-element-aa2009c elementor-widget elementor-widget-heading\" data-id=\"aa2009c\" data-element_type=\"widget\" data-widget_type=\"heading.default\">\n\t\t\t\t<div class=\"elementor-widget-container\">\n\t\t\t\t\t<h1 class=\"elementor-heading-title elementor-size-default\">Poste para cerca \u2013 Reto\n<\/h1>\t\t\t\t<\/div>\n\t\t\t\t<\/div>\n\t\t\t\t<div class=\"elementor-element elementor-element-f89ae79 elementor-widget elementor-widget-text-editor\" data-id=\"f89ae79\" data-element_type=\"widget\" data-widget_type=\"text-editor.default\">\n\t\t\t\t<div class=\"elementor-widget-container\">\n\t\t\t\t\t\t\t\t\t<ul><li>2,20 x 0,10 x 0,10m<\/li><li>2,50 x 0,10 x 0,10m<\/li><li>3,00 x 0,10 x 0,10m<\/li><\/ul>\t\t\t\t\t\t\t\t<\/div>\n\t\t\t\t<\/div>\n\t\t\t\t<div class=\"elementor-element elementor-element-bdddb28 elementor-widget elementor-widget-heading\" data-id=\"bdddb28\" data-element_type=\"widget\" data-widget_type=\"heading.default\">\n\t\t\t\t<div class=\"elementor-widget-container\">\n\t\t\t\t\t<h1 class=\"elementor-heading-title elementor-size-default\">Poste para cerca \u2013 Ponta Curva\n\n<\/h1>\t\t\t\t<\/div>\n\t\t\t\t<\/div>\n\t\t\t\t<div class=\"elementor-element elementor-element-64bd31b elementor-widget elementor-widget-text-editor\" data-id=\"64bd31b\" data-element_type=\"widget\" data-widget_type=\"text-editor.default\">\n\t\t\t\t<div class=\"elementor-widget-container\">\n\t\t\t\t\t\t\t\t\t<ul><li>2,50 x 0,10 x 0,10m<\/li><li>3,00 x 0,10 x 0,10m<\/li><\/ul>\t\t\t\t\t\t\t\t<\/div>\n\t\t\t\t<\/div>\n\t\t\t\t<\/div>\n\t\t<div class=\"elementor-element elementor-element-92c72ee e-con-full e-flex e-con e-child\" data-id=\"92c72ee\" data-element_type=\"container\">\n\t\t\t\t<div class=\"elementor-element elementor-element-e4f48a7 elementor-widget elementor-widget-heading\" data-id=\"e4f48a7\" data-element_type=\"widget\" data-widget_type=\"heading.default\">\n\t\t\t\t<div class=\"elementor-widget-container\">\n\t\t\t\t\t<h1 class=\"elementor-heading-title elementor-size-default\">Poste esticador reto\n\n<\/h1>\t\t\t\t<\/div>\n\t\t\t\t<\/div>\n\t\t\t\t<div class=\"elementor-element elementor-element-db54009 elementor-widget elementor-widget-text-editor\" data-id=\"db54009\" data-element_type=\"widget\" data-widget_type=\"text-editor.default\">\n\t\t\t\t<div class=\"elementor-widget-container\">\n\t\t\t\t\t\t\t\t\t<ul class=\"font_8 wixui-rich-text__text\"><li>2,20 x 0,10 x 0,10m<\/li><li>2,50 x 0,12 x 0,12m<\/li><li>3,00 x 0,12 x 0,12m<\/li><\/ul>\t\t\t\t\t\t\t\t<\/div>\n\t\t\t\t<\/div>\n\t\t\t\t<div class=\"elementor-element elementor-element-1093706 elementor-widget elementor-widget-heading\" data-id=\"1093706\" data-element_type=\"widget\" data-widget_type=\"heading.default\">\n\t\t\t\t<div class=\"elementor-widget-container\">\n\t\t\t\t\t<h1 class=\"elementor-heading-title elementor-size-default\">Poste esticador ponta curva<\/h1>\t\t\t\t<\/div>\n\t\t\t\t<\/div>\n\t\t\t\t<div class=\"elementor-element elementor-element-a94b062 elementor-widget elementor-widget-text-editor\" data-id=\"a94b062\" data-element_type=\"widget\" data-widget_type=\"text-editor.default\">\n\t\t\t\t<div class=\"elementor-widget-container\">\n\t\t\t\t\t\t\t\t\t<ul class=\"font_8 wixui-rich-text__text\"><li>2,50 x 0,12 x 0,12m<\/li><li>3,00 x 0,12 x 0,12m<\/li><\/ul>\t\t\t\t\t\t\t\t<\/div>\n\t\t\t\t<\/div>\n\t\t\t\t<div class=\"elementor-element elementor-element-a901679 elementor-widget elementor-widget-heading\" data-id=\"a901679\" data-element_type=\"widget\" data-widget_type=\"heading.default\">\n\t\t\t\t<div class=\"elementor-widget-container\">\n\t\t\t\t\t<h1 class=\"elementor-heading-title elementor-size-default\">Escora\n\n<\/h1>\t\t\t\t<\/div>\n\t\t\t\t<\/div>\n\t\t\t\t<div class=\"elementor-element elementor-element-0ac9813 elementor-widget elementor-widget-text-editor\" data-id=\"0ac9813\" data-element_type=\"widget\" data-widget_type=\"text-editor.default\">\n\t\t\t\t<div class=\"elementor-widget-container\">\n\t\t\t\t\t\t\t\t\t<ul class=\"font_8 wixui-rich-text__text\"><li>1,50 x 0,10 x 0,10m<\/li><\/ul>\t\t\t\t\t\t\t\t<\/div>\n\t\t\t\t<\/div>\n\t\t\t\t<\/div>\n\t\t\t\t\t<\/div>\n\t\t\t\t<\/div>\n\t\t<div class=\"elementor-element elementor-element-f412a11 e-flex e-con-boxed e-con e-parent\" data-id=\"f412a11\" data-element_type=\"container\">\n\t\t\t\t\t<div class=\"e-con-inner\">\n\t\t\t\t<div class=\"elementor-element elementor-element-cb92255 elementor-widget elementor-widget-heading\" data-id=\"cb92255\" data-element_type=\"widget\" data-widget_type=\"heading.default\">\n\t\t\t\t<div class=\"elementor-widget-container\">\n\t\t\t\t\t<h1 class=\"elementor-heading-title elementor-size-default\">galeria - postes premoldados<\/h1>\t\t\t\t<\/div>\n\t\t\t\t<\/div>\n\t\t\t\t<div class=\"elementor-element elementor-element-dc4d21c elementor-widget elementor-widget-heading\" data-id=\"dc4d21c\" data-element_type=\"widget\" data-widget_type=\"heading.default\">\n\t\t\t\t<div class=\"elementor-widget-container\">\n\t\t\t\t\t<p class=\"elementor-heading-title elementor-size-default\">casas e muros em pr\u00e9-moldados em Bras\u00edlia e Entorno<\/p>\t\t\t\t<\/div>\n\t\t\t\t<\/div>\n\t\t\t\t<div class=\"elementor-element elementor-element-f00dcfc elementor-arrows-position-inside elementor-pagination-position-outside elementor-widget elementor-widget-image-carousel\" data-id=\"f00dcfc\" data-element_type=\"widget\" data-settings=\"{&quot;slides_to_show&quot;:&quot;6&quot;,&quot;navigation&quot;:&quot;both&quot;,&quot;autoplay&quot;:&quot;yes&quot;,&quot;pause_on_hover&quot;:&quot;yes&quot;,&quot;pause_on_interaction&quot;:&quot;yes&quot;,&quot;autoplay_speed&quot;:5000,&quot;infinite&quot;:&quot;yes&quot;,&quot;speed&quot;:500}\" data-widget_type=\"image-carousel.default\">\n\t\t\t\t<div class=\"elementor-widget-container\">\n\t\t\t\t\t\t\t<div class=\"elementor-image-carousel-wrapper swiper\" role=\"region\" aria-roledescription=\"carousel\" aria-label=\"Carrossel de imagens\" dir=\"ltr\">\n\t\t\t<div class=\"elementor-image-carousel swiper-wrapper\" aria-live=\"off\">\n\t\t\t\t\t\t\t\t<div class=\"swiper-slide\" role=\"group\" aria-roledescription=\"slide\" aria-label=\"1 de 5\"><a data-elementor-open-lightbox=\"yes\" data-elementor-lightbox-slideshow=\"f00dcfc\" data-elementor-lightbox-title=\"poste-001\" data-e-action-hash=\"#elementor-action%3Aaction%3Dlightbox%26settings%3DeyJpZCI6NjA5LCJ1cmwiOiJodHRwczpcL1wvZ29sZHBsYW5lbmdlbmhhcmlhLmNvbS5iclwvd3AtY29udGVudFwvdXBsb2Fkc1wvMjAyNFwvMDRcL3Bvc3RlLTAwMS53ZWJwIiwic2xpZGVzaG93IjoiZjAwZGNmYyJ9\" href=\"https:\/\/goldplanengenharia.com.br\/wp-content\/uploads\/2024\/04\/poste-001.webp\"><figure class=\"swiper-slide-inner\"><img decoding=\"async\" class=\"swiper-slide-image\" src=\"https:\/\/goldplanengenharia.com.br\/wp-content\/uploads\/2024\/04\/poste-001-150x150.webp\" alt=\"poste-001\" \/><\/figure><\/a><\/div><div class=\"swiper-slide\" role=\"group\" aria-roledescription=\"slide\" aria-label=\"2 de 5\"><a data-elementor-open-lightbox=\"yes\" data-elementor-lightbox-slideshow=\"f00dcfc\" data-elementor-lightbox-title=\"poste-estaca-cerca-martoni-pre-moldados\" data-e-action-hash=\"#elementor-action%3Aaction%3Dlightbox%26settings%3DeyJpZCI6NjEwLCJ1cmwiOiJodHRwczpcL1wvZ29sZHBsYW5lbmdlbmhhcmlhLmNvbS5iclwvd3AtY29udGVudFwvdXBsb2Fkc1wvMjAyNFwvMDRcL3Bvc3RlLWVzdGFjYS1jZXJjYS1tYXJ0b25pLXByZS1tb2xkYWRvcy53ZWJwIiwic2xpZGVzaG93IjoiZjAwZGNmYyJ9\" href=\"https:\/\/goldplanengenharia.com.br\/wp-content\/uploads\/2024\/04\/poste-estaca-cerca-martoni-pre-moldados.webp\"><figure class=\"swiper-slide-inner\"><img decoding=\"async\" class=\"swiper-slide-image\" src=\"https:\/\/goldplanengenharia.com.br\/wp-content\/uploads\/2024\/04\/poste-estaca-cerca-martoni-pre-moldados-150x150.webp\" alt=\"poste-estaca-cerca-martoni-pre-moldados\" \/><\/figure><\/a><\/div><div class=\"swiper-slide\" role=\"group\" aria-roledescription=\"slide\" aria-label=\"3 de 5\"><a data-elementor-open-lightbox=\"yes\" data-elementor-lightbox-slideshow=\"f00dcfc\" data-elementor-lightbox-title=\"poste-estaca-cerca-martoni-pre-moldados-01\" data-e-action-hash=\"#elementor-action%3Aaction%3Dlightbox%26settings%3DeyJpZCI6NjExLCJ1cmwiOiJodHRwczpcL1wvZ29sZHBsYW5lbmdlbmhhcmlhLmNvbS5iclwvd3AtY29udGVudFwvdXBsb2Fkc1wvMjAyNFwvMDRcL3Bvc3RlLWVzdGFjYS1jZXJjYS1tYXJ0b25pLXByZS1tb2xkYWRvcy0wMS53ZWJwIiwic2xpZGVzaG93IjoiZjAwZGNmYyJ9\" href=\"https:\/\/goldplanengenharia.com.br\/wp-content\/uploads\/2024\/04\/poste-estaca-cerca-martoni-pre-moldados-01.webp\"><figure class=\"swiper-slide-inner\"><img decoding=\"async\" class=\"swiper-slide-image\" src=\"https:\/\/goldplanengenharia.com.br\/wp-content\/uploads\/2024\/04\/poste-estaca-cerca-martoni-pre-moldados-01-150x150.webp\" alt=\"poste-estaca-cerca-martoni-pre-moldados-01\" \/><\/figure><\/a><\/div><div class=\"swiper-slide\" role=\"group\" aria-roledescription=\"slide\" aria-label=\"4 de 5\"><a data-elementor-open-lightbox=\"yes\" data-elementor-lightbox-slideshow=\"f00dcfc\" data-elementor-lightbox-title=\"post-muro\" data-e-action-hash=\"#elementor-action%3Aaction%3Dlightbox%26settings%3DeyJpZCI6NjEyLCJ1cmwiOiJodHRwczpcL1wvZ29sZHBsYW5lbmdlbmhhcmlhLmNvbS5iclwvd3AtY29udGVudFwvdXBsb2Fkc1wvMjAyNFwvMDRcL3Bvc3QtbXVyby0xLmpwZyIsInNsaWRlc2hvdyI6ImYwMGRjZmMifQ%3D%3D\" href=\"https:\/\/goldplanengenharia.com.br\/wp-content\/uploads\/2024\/04\/post-muro-1.jpg\"><figure class=\"swiper-slide-inner\"><img decoding=\"async\" class=\"swiper-slide-image\" src=\"https:\/\/goldplanengenharia.com.br\/wp-content\/uploads\/2024\/04\/post-muro-1-150x150.jpg\" alt=\"post-muro\" \/><\/figure><\/a><\/div><div class=\"swiper-slide\" role=\"group\" aria-roledescription=\"slide\" aria-label=\"5 de 5\"><a data-elementor-open-lightbox=\"yes\" data-elementor-lightbox-slideshow=\"f00dcfc\" data-elementor-lightbox-title=\"pre-moldados-concreto-01\" data-e-action-hash=\"#elementor-action%3Aaction%3Dlightbox%26settings%3DeyJpZCI6NjEzLCJ1cmwiOiJodHRwczpcL1wvZ29sZHBsYW5lbmdlbmhhcmlhLmNvbS5iclwvd3AtY29udGVudFwvdXBsb2Fkc1wvMjAyNFwvMDRcL3ByZS1tb2xkYWRvcy1jb25jcmV0by0wMS0xLndlYnAiLCJzbGlkZXNob3ciOiJmMDBkY2ZjIn0%3D\" href=\"https:\/\/goldplanengenharia.com.br\/wp-content\/uploads\/2024\/04\/pre-moldados-concreto-01-1.webp\"><figure class=\"swiper-slide-inner\"><img decoding=\"async\" class=\"swiper-slide-image\" src=\"https:\/\/goldplanengenharia.com.br\/wp-content\/uploads\/2024\/04\/pre-moldados-concreto-01-1-150x150.webp\" alt=\"pre-moldados-concreto-01\" \/><\/figure><\/a><\/div>\t\t\t<\/div>\n\t\t\t\t\t\t\t\t\t\t\t\t<div class=\"elementor-swiper-button elementor-swiper-button-prev\" role=\"button\" tabindex=\"0\">\n\t\t\t\t\t\t<svg aria-hidden=\"true\" class=\"e-font-icon-svg e-eicon-chevron-left\" viewBox=\"0 0 1000 1000\" xmlns=\"http:\/\/www.w3.org\/2000\/svg\"><path d=\"M646 125C629 125 613 133 604 142L308 442C296 454 292 471 292 487 292 504 296 521 308 533L604 854C617 867 629 875 646 875 663 875 679 871 692 858 704 846 713 829 713 812 713 796 708 779 692 767L438 487 692 225C700 217 708 204 708 187 708 171 704 154 692 142 675 129 663 125 646 125Z\"><\/path><\/svg>\t\t\t\t\t<\/div>\n\t\t\t\t\t<div class=\"elementor-swiper-button elementor-swiper-button-next\" role=\"button\" tabindex=\"0\">\n\t\t\t\t\t\t<svg aria-hidden=\"true\" class=\"e-font-icon-svg e-eicon-chevron-right\" viewBox=\"0 0 1000 1000\" xmlns=\"http:\/\/www.w3.org\/2000\/svg\"><path d=\"M696 533C708 521 713 504 713 487 713 471 708 454 696 446L400 146C388 133 375 125 354 125 338 125 325 129 313 142 300 154 292 171 292 187 292 204 296 221 308 233L563 492 304 771C292 783 288 800 288 817 288 833 296 850 308 863 321 871 338 875 354 875 371 875 388 867 400 854L696 533Z\"><\/path><\/svg>\t\t\t\t\t<\/div>\n\t\t\t\t\n\t\t\t\t\t\t\t\t\t<div class=\"swiper-pagination\"><\/div>\n\t\t\t\t\t\t\t\t\t<\/div>\n\t\t\t\t\t\t<\/div>\n\t\t\t\t<\/div>\n\t\t\t\t\t<\/div>\n\t\t\t\t<\/div>\n\t\t\t\t<\/div>\n\t\t","protected":false},"excerpt":{"rendered":"<p>POSTE PARA CERCA HOME &gt; PRODUTOS &gt; POSTE PARA CERCA PRODUTOS &#8211; POSTE PARA CERCA casas e muros em pr\u00e9-moldados em Bras\u00edlia e Entorno Vantagens do Muro de Pr\u00e9-moldado Os postes em premoldados est\u00e3o ganhando cada vez mais destaque como uma op\u00e7\u00e3o eficiente e econ\u00f4mica para uma variedade de aplica\u00e7\u00f5es estruturais. Desde cercas e alambrados [&hellip;]<\/p>\n","protected":false},"author":1,"featured_media":0,"parent":0,"menu_order":0,"comment_status":"closed","ping_status":"closed","template":"","meta":{"footnotes":""},"class_list":["post-592","page","type-page","status-publish","hentry"],"_links":{"self":[{"href":"https:\/\/goldplanengenharia.com.br\/index.php\/wp-json\/wp\/v2\/pages\/592","targetHints":{"allow":["GET"]}}],"collection":[{"href":"https:\/\/goldplanengenharia.com.br\/index.php\/wp-json\/wp\/v2\/pages"}],"about":[{"href":"https:\/\/goldplanengenharia.com.br\/index.php\/wp-json\/wp\/v2\/types\/page"}],"author":[{"embeddable":true,"href":"https:\/\/goldplanengenharia.com.br\/index.php\/wp-json\/wp\/v2\/users\/1"}],"replies":[{"embeddable":true,"href":"https:\/\/goldplanengenharia.com.br\/index.php\/wp-json\/wp\/v2\/comments?post=592"}],"version-history":[{"count":25,"href":"https:\/\/goldplanengenharia.com.br\/index.php\/wp-json\/wp\/v2\/pages\/592\/revisions"}],"predecessor-version":[{"id":865,"href":"https:\/\/goldplanengenharia.com.br\/index.php\/wp-json\/wp\/v2\/pages\/592\/revisions\/865"}],"wp:attachment":[{"href":"https:\/\/goldplanengenharia.com.br\/index.php\/wp-json\/wp\/v2\/media?parent=592"}],"curies":[{"name":"wp","href":"https:\/\/api.w.org\/{rel}","templated":true}]}}